{"id":647,"date":"2021-11-05T17:30:40","date_gmt":"2021-11-05T14:30:40","guid":{"rendered":"https:\/\/www.aquavisionenergy.com\/?page_id=647"},"modified":"2021-11-05T17:53:14","modified_gmt":"2021-11-05T14:53:14","slug":"2020-2021-video-galeri","status":"publish","type":"page","link":"https:\/\/aquavisionenergy.ozerprojects.com\/tr\/gorseller\/2020-2021-acik-deniz-uygulamasi\/2020-2021-video-galeri\/","title":{"rendered":"2020-2021 V\u0130DEO GALER\u0130"},"content":{"rendered":"<h3 style=\"text-align: center;\">AQUAVISIONENERJ\u0130-1<\/h3>\n<p style=\"text-align: center;\"><iframe loading=\"lazy\" src=\"https:\/\/www.youtube.com\/embed\/t8zvjjCHyGM\" width=\"560\" height=\"315\" frameborder=\"0\" allowfullscreen=\"allowfullscreen\"><\/iframe><\/p>\n<h3 style=\"text-align: center;\">AQUAVISIONENERJ\u0130-2<\/h3>\n<p style=\"text-align: center;\"><iframe loading=\"lazy\" src=\"https:\/\/www.youtube.com\/embed\/b-JyjZGsjdA\" width=\"560\" height=\"315\" frameborder=\"0\" allowfullscreen=\"allowfullscreen\"><\/iframe><\/p>\n<h3 style=\"text-align: center;\">DALGA JENERAT\u00d6R\u00dc \u00c7ALI\u015eMA<\/h3>\n<p style=\"text-align: center;\"><iframe loading=\"lazy\" src=\"https:\/\/www.youtube.com\/embed\/wfiMEMzFGL8\" width=\"560\" height=\"315\" frameborder=\"0\" allowfullscreen=\"allowfullscreen\"><\/iframe><\/p>\n","protected":false},"excerpt":{"rendered":"<p>AQUAVISIONENERJ\u0130-1 AQUAVISIONENERJ\u0130-2 DALGA JENERAT\u00d6R\u00dc \u00c7ALI\u015eMA<\/p>\n","protected":false},"author":1,"featured_media":0,"parent":635,"menu_order":0,"comment_status":"closed","ping_status":"closed","template":"","meta":[],"_links":{"self":[{"href":"https:\/\/aquavisionenergy.ozerprojects.com\/tr\/wp-json\/wp\/v2\/pages\/647"}],"collection":[{"href":"https:\/\/aquavisionenergy.ozerprojects.com\/tr\/wp-json\/wp\/v2\/pages"}],"about":[{"href":"https:\/\/aquavisionenergy.ozerprojects.com\/tr\/wp-json\/wp\/v2\/types\/page"}],"author":[{"embeddable":true,"href":"https:\/\/aquavisionenergy.ozerprojects.com\/tr\/wp-json\/wp\/v2\/users\/1"}],"replies":[{"embeddable":true,"href":"https:\/\/aquavisionenergy.ozerprojects.com\/tr\/wp-json\/wp\/v2\/comments?post=647"}],"version-history":[{"count":5,"href":"https:\/\/aquavisionenergy.ozerprojects.com\/tr\/wp-json\/wp\/v2\/pages\/647\/revisions"}],"predecessor-version":[{"id":662,"href":"https:\/\/aquavisionenergy.ozerprojects.com\/tr\/wp-json\/wp\/v2\/pages\/647\/revisions\/662"}],"up":[{"embeddable":true,"href":"https:\/\/aquavisionenergy.ozerprojects.com\/tr\/wp-json\/wp\/v2\/pages\/635"}],"wp:attachment":[{"href":"https:\/\/aquavisionenergy.ozerprojects.com\/tr\/wp-json\/wp\/v2\/media?parent=647"}],"curies":[{"name":"wp","href":"https:\/\/api.w.org\/{rel}","templated":true}]}}