{"id":635,"date":"2021-11-05T17:09:52","date_gmt":"2021-11-05T14:09:52","guid":{"rendered":"https:\/\/www.aquavisionenergy.com\/?page_id=635"},"modified":"2021-11-05T23:46:47","modified_gmt":"2021-11-05T20:46:47","slug":"2020-2021-acik-deniz-uygulamasi","status":"publish","type":"page","link":"https:\/\/aquavisionenergy.ozerprojects.com\/tr\/gorseller\/2020-2021-acik-deniz-uygulamasi\/","title":{"rendered":"2020-2021 A\u00c7IK DEN\u0130Z UYGULAMASI"},"content":{"rendered":"<ul>\n<li style=\"list-style-type: none;\">\n<ul class=\"sub-menu\">\n<li id=\"menu-item-664\" class=\"menu-item menu-item-type-post_type menu-item-object-page menu-item-has-children menu-item-664\"><a href=\"https:\/\/www.aquavisionenergy.com\/tr\/gorseller\/2020-2021-acik-deniz-uygulamasi\/\">2020-2021 A\u00c7IK DEN\u0130Z UYGULAMASI<\/a>\n<ul class=\"sub-menu\">\n<li id=\"menu-item-666\" class=\"menu-item menu-item-type-post_type menu-item-object-page menu-item-666\"><a href=\"https:\/\/www.aquavisionenergy.com\/tr\/gorseller\/2020-2021-acik-deniz-uygulamasi\/2020-2021-foto-galeri\/\">FOTO GALER\u0130<\/a><\/li>\n<li id=\"menu-item-665\" class=\"menu-item menu-item-type-post_type menu-item-object-page menu-item-665\"><a href=\"https:\/\/www.aquavisionenergy.com\/tr\/gorseller\/2020-2021-acik-deniz-uygulamasi\/2020-2021-video-galeri\/\">V\u0130DEO GALER\u0130<\/a><\/li>\n<\/ul>\n<\/li>\n<\/ul>\n<\/li>\n<\/ul>\n","protected":false},"excerpt":{"rendered":"<p>2020-2021 A\u00c7IK DEN\u0130Z UYGULAMASI FOTO GALER\u0130 V\u0130DEO GALER\u0130<\/p>\n","protected":false},"author":1,"featured_media":0,"parent":628,"menu_order":0,"comment_status":"closed","ping_status":"closed","template":"","meta":[],"_links":{"self":[{"href":"https:\/\/aquavisionenergy.ozerprojects.com\/tr\/wp-json\/wp\/v2\/pages\/635"}],"collection":[{"href":"https:\/\/aquavisionenergy.ozerprojects.com\/tr\/wp-json\/wp\/v2\/pages"}],"about":[{"href":"https:\/\/aquavisionenergy.ozerprojects.com\/tr\/wp-json\/wp\/v2\/types\/page"}],"author":[{"embeddable":true,"href":"https:\/\/aquavisionenergy.ozerprojects.com\/tr\/wp-json\/wp\/v2\/users\/1"}],"replies":[{"embeddable":true,"href":"https:\/\/aquavisionenergy.ozerprojects.com\/tr\/wp-json\/wp\/v2\/comments?post=635"}],"version-history":[{"count":2,"href":"https:\/\/aquavisionenergy.ozerprojects.com\/tr\/wp-json\/wp\/v2\/pages\/635\/revisions"}],"predecessor-version":[{"id":676,"href":"https:\/\/aquavisionenergy.ozerprojects.com\/tr\/wp-json\/wp\/v2\/pages\/635\/revisions\/676"}],"up":[{"embeddable":true,"href":"https:\/\/aquavisionenergy.ozerprojects.com\/tr\/wp-json\/wp\/v2\/pages\/628"}],"wp:attachment":[{"href":"https:\/\/aquavisionenergy.ozerprojects.com\/tr\/wp-json\/wp\/v2\/media?parent=635"}],"curies":[{"name":"wp","href":"https:\/\/api.w.org\/{rel}","templated":true}]}}