{"id":630,"date":"2021-11-05T17:07:47","date_gmt":"2021-11-05T14:07:47","guid":{"rendered":"https:\/\/www.aquavisionenergy.com\/?page_id=630"},"modified":"2021-11-05T23:46:26","modified_gmt":"2021-11-05T20:46:26","slug":"2018-2019-yakin-kiyi-uygulamasi","status":"publish","type":"page","link":"https:\/\/aquavisionenergy.ozerprojects.com\/tr\/gorseller\/2018-2019-yakin-kiyi-uygulamasi\/","title":{"rendered":"2018-2019 YAKIN KIYI UYGULAMASI"},"content":{"rendered":"<ul>\n<li style=\"list-style-type: none;\">\n<ul class=\"sub-menu\">\n<li id=\"menu-item-667\" class=\"menu-item menu-item-type-post_type menu-item-object-page menu-item-has-children menu-item-667\"><a href=\"https:\/\/www.aquavisionenergy.com\/tr\/gorseller\/2018-2019-yakin-kiyi-uygulamasi\/\">2018-2019 YAKIN KIYI UYGULAMASI<\/a>\n<ul class=\"sub-menu\">\n<li id=\"menu-item-669\" class=\"menu-item menu-item-type-post_type menu-item-object-page menu-item-669\"><a href=\"https:\/\/www.aquavisionenergy.com\/tr\/gorseller\/2018-2019-yakin-kiyi-uygulamasi\/2018-2019-foto-galeri\/\">FOTO GALER\u0130<\/a><\/li>\n<li id=\"menu-item-668\" class=\"menu-item menu-item-type-post_type menu-item-object-page menu-item-668\"><a href=\"https:\/\/www.aquavisionenergy.com\/tr\/gorseller\/2018-2019-yakin-kiyi-uygulamasi\/2018-2019-video-galeri\/\">V\u0130DEO GALER\u0130<\/a><\/li>\n<\/ul>\n<\/li>\n<\/ul>\n<\/li>\n<\/ul>\n","protected":false},"excerpt":{"rendered":"<p>2018-2019 YAKIN KIYI UYGULAMASI FOTO GALER\u0130 V\u0130DEO GALER\u0130<\/p>\n","protected":false},"author":1,"featured_media":0,"parent":628,"menu_order":0,"comment_status":"closed","ping_status":"closed","template":"","meta":[],"_links":{"self":[{"href":"https:\/\/aquavisionenergy.ozerprojects.com\/tr\/wp-json\/wp\/v2\/pages\/630"}],"collection":[{"href":"https:\/\/aquavisionenergy.ozerprojects.com\/tr\/wp-json\/wp\/v2\/pages"}],"about":[{"href":"https:\/\/aquavisionenergy.ozerprojects.com\/tr\/wp-json\/wp\/v2\/types\/page"}],"author":[{"embeddable":true,"href":"https:\/\/aquavisionenergy.ozerprojects.com\/tr\/wp-json\/wp\/v2\/users\/1"}],"replies":[{"embeddable":true,"href":"https:\/\/aquavisionenergy.ozerprojects.com\/tr\/wp-json\/wp\/v2\/comments?post=630"}],"version-history":[{"count":2,"href":"https:\/\/aquavisionenergy.ozerprojects.com\/tr\/wp-json\/wp\/v2\/pages\/630\/revisions"}],"predecessor-version":[{"id":675,"href":"https:\/\/aquavisionenergy.ozerprojects.com\/tr\/wp-json\/wp\/v2\/pages\/630\/revisions\/675"}],"up":[{"embeddable":true,"href":"https:\/\/aquavisionenergy.ozerprojects.com\/tr\/wp-json\/wp\/v2\/pages\/628"}],"wp:attachment":[{"href":"https:\/\/aquavisionenergy.ozerprojects.com\/tr\/wp-json\/wp\/v2\/media?parent=630"}],"curies":[{"name":"wp","href":"https:\/\/api.w.org\/{rel}","templated":true}]}}