{"id":628,"date":"2021-11-05T17:06:40","date_gmt":"2021-11-05T14:06:40","guid":{"rendered":"https:\/\/www.aquavisionenergy.com\/?page_id=628"},"modified":"2021-11-05T23:45:23","modified_gmt":"2021-11-05T20:45:23","slug":"gorseller","status":"publish","type":"page","link":"https:\/\/aquavisionenergy.ozerprojects.com\/tr\/gorseller\/","title":{"rendered":"G\u00d6RSELLER"},"content":{"rendered":"<ul id=\"menu-ana-menu-2\" class=\"menu\">\n<li id=\"menu-item-663\" class=\"menu-item menu-item-type-post_type menu-item-object-page current-menu-item page_item page-item-628 current_page_item menu-item-has-children menu-item-663\"><a href=\"https:\/\/www.aquavisionenergy.com\/tr\/gorseller\/\" aria-current=\"page\">G\u00d6RSELLER<\/a>\n<ul class=\"sub-menu\">\n<li id=\"menu-item-667\" class=\"menu-item menu-item-type-post_type menu-item-object-page menu-item-has-children menu-item-667\"><a href=\"https:\/\/www.aquavisionenergy.com\/tr\/gorseller\/2018-2019-yakin-kiyi-uygulamasi\/\">2018-2019 YAKIN KIYI UYGULAMASI<\/a>\n<ul class=\"sub-menu\">\n<li id=\"menu-item-669\" class=\"menu-item menu-item-type-post_type menu-item-object-page menu-item-669\"><a href=\"https:\/\/www.aquavisionenergy.com\/tr\/gorseller\/2018-2019-yakin-kiyi-uygulamasi\/2018-2019-foto-galeri\/\">FOTO GALER\u0130<\/a><\/li>\n<li id=\"menu-item-668\" class=\"menu-item menu-item-type-post_type menu-item-object-page menu-item-668\"><a href=\"https:\/\/www.aquavisionenergy.com\/tr\/gorseller\/2018-2019-yakin-kiyi-uygulamasi\/2018-2019-video-galeri\/\">V\u0130DEO GALER\u0130<\/a><\/li>\n<\/ul>\n<\/li>\n<li id=\"menu-item-664\" class=\"menu-item menu-item-type-post_type menu-item-object-page menu-item-has-children menu-item-664\"><a href=\"https:\/\/www.aquavisionenergy.com\/tr\/gorseller\/2020-2021-acik-deniz-uygulamasi\/\">2020-2021 A\u00c7IK DEN\u0130Z UYGULAMASI<\/a>\n<ul class=\"sub-menu\">\n<li id=\"menu-item-666\" class=\"menu-item menu-item-type-post_type menu-item-object-page menu-item-666\"><a href=\"https:\/\/www.aquavisionenergy.com\/tr\/gorseller\/2020-2021-acik-deniz-uygulamasi\/2020-2021-foto-galeri\/\">FOTO GALER\u0130<\/a><\/li>\n<li id=\"menu-item-665\" class=\"menu-item menu-item-type-post_type menu-item-object-page menu-item-665\"><a href=\"https:\/\/www.aquavisionenergy.com\/tr\/gorseller\/2020-2021-acik-deniz-uygulamasi\/2020-2021-video-galeri\/\">V\u0130DEO GALER\u0130<\/a><\/li>\n<\/ul>\n<\/li>\n<\/ul>\n<\/li>\n<\/ul>\n","protected":false},"excerpt":{"rendered":"<p>G\u00d6RSELLER 2018-2019 YAKIN KIYI UYGULAMASI FOTO GALER\u0130 V\u0130DEO GALER\u0130 2020-2021 A\u00c7IK DEN\u0130Z UYGULAMASI FOTO GALER\u0130 V\u0130DEO GALER\u0130<\/p>\n","protected":false},"author":1,"featured_media":0,"parent":0,"menu_order":0,"comment_status":"closed","ping_status":"closed","template":"","meta":[],"_links":{"self":[{"href":"https:\/\/aquavisionenergy.ozerprojects.com\/tr\/wp-json\/wp\/v2\/pages\/628"}],"collection":[{"href":"https:\/\/aquavisionenergy.ozerprojects.com\/tr\/wp-json\/wp\/v2\/pages"}],"about":[{"href":"https:\/\/aquavisionenergy.ozerprojects.com\/tr\/wp-json\/wp\/v2\/types\/page"}],"author":[{"embeddable":true,"href":"https:\/\/aquavisionenergy.ozerprojects.com\/tr\/wp-json\/wp\/v2\/users\/1"}],"replies":[{"embeddable":true,"href":"https:\/\/aquavisionenergy.ozerprojects.com\/tr\/wp-json\/wp\/v2\/comments?post=628"}],"version-history":[{"count":2,"href":"https:\/\/aquavisionenergy.ozerprojects.com\/tr\/wp-json\/wp\/v2\/pages\/628\/revisions"}],"predecessor-version":[{"id":674,"href":"https:\/\/aquavisionenergy.ozerprojects.com\/tr\/wp-json\/wp\/v2\/pages\/628\/revisions\/674"}],"wp:attachment":[{"href":"https:\/\/aquavisionenergy.ozerprojects.com\/tr\/wp-json\/wp\/v2\/media?parent=628"}],"curies":[{"name":"wp","href":"https:\/\/api.w.org\/{rel}","templated":true}]}}