{"id":53,"date":"2018-11-30T23:15:25","date_gmt":"2018-11-30T20:15:25","guid":{"rendered":"http:\/\/www.aquavisionenergy.com\/?page_id=53"},"modified":"2021-11-26T18:23:18","modified_gmt":"2021-11-26T15:23:18","slug":"iletisim","status":"publish","type":"page","link":"https:\/\/aquavisionenergy.ozerprojects.com\/tr\/iletisim\/","title":{"rendered":"\u0130LET\u0130\u015e\u0130M"},"content":{"rendered":"<table border=\"0\" width=\"100%\">\n<tbody>\n<tr>\n<td>\n<p style=\"text-align: center;\"><strong>AQUA V\u0130ZYON ENERJ\u0130 LTD<\/strong><\/p>\n<p><img loading=\"lazy\" class=\"aligncenter wp-image-347\" src=\"https:\/\/www.aquavisionenergy.com\/wp-content\/uploads\/2019\/05\/i-1.png\" alt=\"\" width=\"237\" height=\"199\" \/><\/p>\n<p style=\"text-align: center;\" align=\"center\">Barbaros Mahallesi Halk Cad.<br \/>\nNo : 47 \/ 2\u00a0\u00a0 Ata\u015fehir -\u0130STANBUL &#8211; T\u00dcRK\u0130YE<\/p>\n<\/td>\n<\/tr>\n<tr>\n<td>\n<p style=\"text-align: center;\">Gsm : +90 505 750 2110<br \/>\n+90 216 547 1536<\/p>\n<p>&nbsp;<\/p>\n<p style=\"text-align: center;\"><a href=\"mailto:info@aquavisionenergy.com\">info@aquavisionenergy.com<\/a><\/p>\n<p style=\"text-align: center;\">\n<p><img loading=\"lazy\" class=\"aligncenter wp-image-350\" src=\"https:\/\/www.aquavisionenergy.com\/wp-content\/uploads\/2019\/05\/i-2.png\" alt=\"\" width=\"335\" height=\"249\" srcset=\"https:\/\/aquavisionenergy.ozerprojects.com\/wp-content\/uploads\/2019\/05\/i-2.png 610w, https:\/\/aquavisionenergy.ozerprojects.com\/wp-content\/uploads\/2019\/05\/i-2-300x223.png 300w, https:\/\/aquavisionenergy.ozerprojects.com\/wp-content\/uploads\/2019\/05\/i-2-400x297.png 400w, https:\/\/aquavisionenergy.ozerprojects.com\/wp-content\/uploads\/2019\/05\/i-2-367x273.png 367w, https:\/\/aquavisionenergy.ozerprojects.com\/wp-content\/uploads\/2019\/05\/i-2-200x150.png 200w\" sizes=\"(max-width: 335px) 100vw, 335px\" \/><\/td>\n<\/tr>\n<\/tbody>\n<\/table>\n<p>&nbsp;<\/p>\n","protected":false},"excerpt":{"rendered":"<p>AQUA V\u0130ZYON ENERJ\u0130 LTD Barbaros Mahallesi Halk Cad. No : 47 \/ 2\u00a0\u00a0 Ata\u015fehir -\u0130STANBUL &#8211; T\u00dcRK\u0130YE Gsm : +90 505 750 2110 +90 216 547 1536 &nbsp; info@aquavisionenergy.com &nbsp;<\/p>\n","protected":false},"author":1,"featured_media":0,"parent":0,"menu_order":0,"comment_status":"closed","ping_status":"closed","template":"","meta":[],"_links":{"self":[{"href":"https:\/\/aquavisionenergy.ozerprojects.com\/tr\/wp-json\/wp\/v2\/pages\/53"}],"collection":[{"href":"https:\/\/aquavisionenergy.ozerprojects.com\/tr\/wp-json\/wp\/v2\/pages"}],"about":[{"href":"https:\/\/aquavisionenergy.ozerprojects.com\/tr\/wp-json\/wp\/v2\/types\/page"}],"author":[{"embeddable":true,"href":"https:\/\/aquavisionenergy.ozerprojects.com\/tr\/wp-json\/wp\/v2\/users\/1"}],"replies":[{"embeddable":true,"href":"https:\/\/aquavisionenergy.ozerprojects.com\/tr\/wp-json\/wp\/v2\/comments?post=53"}],"version-history":[{"count":10,"href":"https:\/\/aquavisionenergy.ozerprojects.com\/tr\/wp-json\/wp\/v2\/pages\/53\/revisions"}],"predecessor-version":[{"id":683,"href":"https:\/\/aquavisionenergy.ozerprojects.com\/tr\/wp-json\/wp\/v2\/pages\/53\/revisions\/683"}],"wp:attachment":[{"href":"https:\/\/aquavisionenergy.ozerprojects.com\/tr\/wp-json\/wp\/v2\/media?parent=53"}],"curies":[{"name":"wp","href":"https:\/\/api.w.org\/{rel}","templated":true}]}}