{"id":52,"date":"2018-11-30T23:15:00","date_gmt":"2018-11-30T20:15:00","guid":{"rendered":"http:\/\/www.aquavisionenergy.com\/?page_id=52"},"modified":"2019-05-26T23:51:53","modified_gmt":"2019-05-26T20:51:53","slug":"hakkimizda","status":"publish","type":"page","link":"https:\/\/aquavisionenergy.ozerprojects.com\/tr\/hakkimizda\/","title":{"rendered":"Hakk\u0131m\u0131zda"},"content":{"rendered":"<p style=\"text-align: justify;\">Aqua Vizyon Enerji \u015firketi olarak yenilik\u00e7i yakla\u015f\u0131m ve alternatif \u00e7\u00f6z\u00fcm \u00f6nerimiz ile Deniz ve Okyanus dalga enerjisinin r\u00fczgar ve g\u00fcne\u015f enerjisi gibi olduk\u00e7a \u00e7ok uygulamas\u0131n\u0131, cazip \u00e7evrim sistem \u00f6nerimiz ile ilk \u00fc\u00e7 yenilenebilir enerji kayna\u011f\u0131ndan biri olmas\u0131n\u0131 katk\u0131 sa\u011flamak istiyoruz.<\/p>\n<p style=\"text-align: justify;\">25 y\u0131l\u0131 a\u015fk\u0131n s\u00fcredir Okyanus a\u015f\u0131r\u0131 ta\u015f\u0131mac\u0131l\u0131k yapan gemilerde ve b\u00fcy\u00fck fabrikalarda Ba\u015f M\u00fchendis ve Teknik m\u00fcd\u00fcr g\u00f6revleriyle \u00e7al\u0131\u015ft\u0131m ve \u00e7al\u0131\u015fmaktay\u0131m. B\u00fct\u00fcn i\u015f hayat\u0131m bir\u00e7ok mekanik sistemin operasyonel problemlerini \u00e7\u00f6zmek ve bu sistemlerin verimlilik temelinde \u00e7al\u0131\u015fmas\u0131n\u0131 sa\u011flamak \u015feklinde ge\u00e7ti. Uzun y\u0131llar deniz ortam\u0131ndaki \u00e7al\u0131\u015fmalar\u0131mda ise tabiat\u0131n kendi i\u00e7inde devaml\u0131 bir devinim ( hareket ) halinde oldu\u011funu ve bazen de olu\u015fan kuvvetlerin ( deniz dalga g\u00fcc\u00fcn\u00fcn, etkilerinin ) ne kadar b\u00fcy\u00fck olabilece\u011fini ya\u015fayarak, hissederek ve alg\u0131layarak ge\u00e7ti. \u00c7al\u0131\u015fma y\u0131llar\u0131m\u0131n etkisiyle olu\u015fan mesleki formasyonum ve problem \u00e7\u00f6zme refleksimin etkisiyle bu muazzam dalga g\u00fcc\u00fcn\u00fcn enerjiye d\u00f6n\u00fc\u015f\u00fcm\u00fc \u00fczerine odaklanmaya ba\u015flad\u0131m. Be\u015f y\u0131ll\u0131k \u00e7al\u0131\u015fmalar\u0131m\u0131z kapsam\u0131nda r\u00fczgar ve g\u00fcne\u015f enerji \u00e7evrim sistemleri ile amorti s\u00fcreleri a\u00e7\u0131s\u0131ndan rekabet edebilecek bir \u00e7evrim sistemi hedefine odakland\u0131k. Deniz ortam\u0131na dayan\u0131kl\u0131, stabil \/ devaml\u0131 ve d\u00fczenli \u00e7al\u0131\u015fabilecek, kurulum maliyeti ve verimlilik oranlar\u0131yla kendini 7-8 y\u0131lda amorti edebilecek bir tasar\u0131m olu\u015fturmaya \u00e7al\u0131\u015ft\u0131k. Tecr\u00fcbeli ve donan\u0131ml\u0131 bir \u00e7al\u0131\u015fma ekibi ile tasar\u0131m ve m\u00fchendislik \u00e7al\u0131\u015fmalar\u0131n\u0131 yapt\u0131k. Havuz testlerine m\u00fcteakip kamu fonu olan TUB\u0130TAK-1512 program\u0131 deste\u011fi ile saha prototipimizi ba\u015far\u0131 ile imal ederek \u00e7al\u0131\u015ft\u0131rd\u0131k ve bir kamu kurumuna devrini ger\u00e7ekle\u015ftirdik. Bu a\u015famadan sonra saha prototipi \u00e7al\u0131\u015fmalar\u0131m\u0131z\u0131n bize vermi\u015f oldu\u011fu tecr\u00fcbe birikimi \u0131\u015f\u0131\u011f\u0131nda ayn\u0131 \u00e7evrim sistem esas\u0131na dayal\u0131, daha estetik bir yap\u0131 tasar\u0131m\u0131 ile a\u00e7\u0131k deniz uygulamalar\u0131na da olanak sa\u011flayacak yeni sistem konseptimizi hayata ge\u00e7irmek hedefindeyiz. Bu hedefimiz do\u011frultusunda daha b\u00fcy\u00fck b\u00fct\u00e7eli olan TUB\u0130TAK 1507 kamu fonunun sa\u011flad\u0131\u011f\u0131 finansal imkanlar ile \u00e7al\u0131\u015fmalar\u0131m\u0131za ba\u015flam\u0131\u015f bulunmaktay\u0131z. Proje kapsam\u0131nda beraber emek sarf etti\u011fimiz ekip arkada\u015flar\u0131m;<\/p>\n<p style=\"text-align: justify;\">\n<table class=\"minimalistBlack\">\n<thead>\n<tr>\n<td style=\"text-align: center;\" data-cell-id=\"A1\" data-x=\"0\" data-y=\"1\" data-cell-type=\"text\" data-original-value=\"\u0130S\u0130M\" data-order=\"\u0130S\u0130M\"><strong>\u0130S\u0130M<\/strong><\/td>\n<td style=\"text-align: center;\" data-cell-id=\"B1\" data-x=\"1\" data-y=\"1\" data-cell-type=\"text\" data-original-value=\"G\u00d6REV\" data-order=\"G\u00d6REV\"><strong>G\u00d6REV<\/strong><\/td>\n<td style=\"text-align: center;\" data-cell-id=\"C1\" data-x=\"2\" data-y=\"1\" data-cell-type=\"text\" data-original-value=\"DETAY\" data-order=\"DETAY\"><strong>DETAY<\/strong><\/td>\n<\/tr>\n<\/thead>\n<tbody>\n<tr>\n<td width=\"64\" data-cell-id=\"A2\" data-x=\"0\" data-y=\"2\" data-cell-type=\"text\" data-original-value=\"\u00d6ZER \u00c7AKIR\" data-order=\"\u00d6ZER \u00c7AKIR\">\u00d6ZER \u00c7AKIR<\/td>\n<td width=\"64\" data-cell-id=\"B2\" data-x=\"1\" data-y=\"2\" data-cell-type=\"text\" data-original-value=\"Kurucu Ortak Teknik M\u00fcd\u00fcr Proje y\u00fcr\u00fct\u00fcc\u00fcs\u00fc\" data-order=\"Kurucu Ortak Teknik M\u00fcd\u00fcr Proje y\u00fcr\u00fct\u00fcc\u00fcs\u00fc\">Kurucu Ortak Teknik M\u00fcd\u00fcr Proje y\u00fcr\u00fct\u00fcc\u00fcs\u00fc<\/td>\n<td width=\"64\" data-cell-id=\"C2\" data-x=\"2\" data-y=\"2\" data-cell-type=\"text\" data-original-value=\"\u0130stanbul Teknik \u00dcniversitesi Gemi Makineleri \u0130\u015fletme M\u00fchendisi +25 Y\u0131l Okyanus a\u015f\u0131r\u0131 gemilerde Ba\u015f Mh.\" data-order=\"\u0130stanbul Teknik \u00dcniversitesi Gemi Makineleri \u0130\u015fletme M\u00fchendisi +25 Y\u0131l Okyanus a\u015f\u0131r\u0131 gemilerde Ba\u015f Mh.\">\u0130stanbul Teknik \u00dcniversitesi Gemi Makineleri \u0130\u015fletme M\u00fchendisi +25 Y\u0131l Okyanus a\u015f\u0131r\u0131 gemilerde Ba\u015f Mh.<\/td>\n<\/tr>\n<tr>\n<td width=\"64\" data-cell-id=\"A3\" data-x=\"0\" data-y=\"3\" data-cell-type=\"text\" data-original-value=\"Dr. \u0130SMA\u0130L \u00c7\u0130\u00c7EK\" data-order=\"Dr. \u0130SMA\u0130L \u00c7\u0130\u00c7EK\">Dr. \u0130SMA\u0130L \u00c7\u0130\u00c7EK<\/td>\n<td width=\"64\" data-cell-id=\"B3\" data-x=\"1\" data-y=\"3\" data-cell-type=\"text\" data-original-value=\"Akademik Dan\u0131\u015fman\" data-order=\"Akademik Dan\u0131\u015fman\">Akademik Dan\u0131\u015fman<\/td>\n<td width=\"64\" data-cell-id=\"C3\" data-x=\"2\" data-y=\"3\" data-cell-type=\"text\" data-original-value=\"\u0130stanbul Teknik \u00dcniversitesi Makine M\u00fchendisli\u011fi B\u00f6l\u00fcm\u00fc\" data-order=\"\u0130stanbul Teknik \u00dcniversitesi Makine M\u00fchendisli\u011fi B\u00f6l\u00fcm\u00fc\">\u0130stanbul Teknik \u00dcniversitesi Makine M\u00fchendisli\u011fi B\u00f6l\u00fcm\u00fc<\/td>\n<\/tr>\n<tr>\n<td width=\"64\" data-cell-id=\"A4\" data-x=\"0\" data-y=\"4\" data-cell-type=\"text\" data-original-value=\"Dr. MUSTAFA SA\u011eLAM\" data-order=\"Dr. MUSTAFA SA\u011eLAM\">Dr. MUSTAFA SA\u011eLAM<\/td>\n<td width=\"64\" data-cell-id=\"B4\" data-x=\"1\" data-y=\"4\" data-cell-type=\"text\" data-original-value=\"Akademik dan\u0131\u015fman\" data-order=\"Akademik dan\u0131\u015fman\">Akademik dan\u0131\u015fman<\/td>\n<td width=\"64\" data-cell-id=\"C4\" data-x=\"2\" data-y=\"4\" data-cell-type=\"text\" data-original-value=\"Marmara \u00dcniversitesi Makine M\u00fchendisli\u011fi b\u00f6l\u00fcm\u00fc\" data-order=\"Marmara \u00dcniversitesi Makine M\u00fchendisli\u011fi b\u00f6l\u00fcm\u00fc\">Marmara \u00dcniversitesi Makine M\u00fchendisli\u011fi b\u00f6l\u00fcm\u00fc<\/td>\n<\/tr>\n<tr>\n<td width=\"64\" data-cell-id=\"A5\" data-x=\"0\" data-y=\"5\" data-cell-type=\"text\" data-original-value=\"S\u0130BEL SAYGILI\" data-order=\"S\u0130BEL SAYGILI\">S\u0130BEL SAYGILI<\/td>\n<td width=\"64\" data-cell-id=\"B5\" data-x=\"1\" data-y=\"5\" data-cell-type=\"text\" data-original-value=\"Pazar ara\u015ft\u0131rma ve \u00e7evre etkileri y\u00f6neticisi\" data-order=\"Pazar ara\u015ft\u0131rma ve \u00e7evre etkileri y\u00f6neticisi\">Pazar ara\u015ft\u0131rma ve \u00e7evre etkileri y\u00f6neticisi<\/td>\n<td width=\"64\" data-cell-id=\"C5\" data-x=\"2\" data-y=\"5\" data-cell-type=\"text\" data-original-value=\"Bo\u011fazi\u00e7i \u00dcniversitesi \u00c7evre Bilimleri Doktora aday\u0131\" data-order=\"Bo\u011fazi\u00e7i \u00dcniversitesi \u00c7evre Bilimleri Doktora aday\u0131\">Bo\u011fazi\u00e7i \u00dcniversitesi \u00c7evre Bilimleri Doktora aday\u0131<\/td>\n<\/tr>\n<tr>\n<td width=\"64\" data-cell-id=\"A6\" data-x=\"0\" data-y=\"6\" data-cell-type=\"text\" data-original-value=\"TARIK KABAKLI\" data-order=\"TARIK KABAKLI\">TARIK KABAKLI<\/td>\n<td width=\"64\" data-cell-id=\"B6\" data-x=\"1\" data-y=\"6\" data-cell-type=\"text\" data-original-value=\"Teknik personel Dan\u0131\u015fman\" data-order=\"Teknik personel Dan\u0131\u015fman\">Teknik personel Dan\u0131\u015fman<\/td>\n<td width=\"64\" data-cell-id=\"C6\" data-x=\"2\" data-y=\"6\" data-cell-type=\"text\" data-original-value=\"Elektrik \/ Elektronik M\u00fchendisi 10 y\u0131ll\u0131k meslek tecr\u00fcbesi\" data-order=\"Elektrik \/ Elektronik M\u00fchendisi 10 y\u0131ll\u0131k meslek tecr\u00fcbesi\">Elektrik \/ Elektronik M\u00fchendisi 10 y\u0131ll\u0131k meslek tecr\u00fcbesi<\/td>\n<\/tr>\n<tr>\n<td width=\"64\" data-cell-id=\"A7\" data-x=\"0\" data-y=\"7\" data-cell-type=\"text\" data-original-value=\"ERDO\u011eAN TUN\u00c7\" data-order=\"ERDO\u011eAN TUN\u00c7\">ERDO\u011eAN TUN\u00c7<\/td>\n<td width=\"64\" data-cell-id=\"B7\" data-x=\"1\" data-y=\"7\" data-cell-type=\"text\" data-original-value=\"Sistem tasar\u0131m\u0131 ve Teknik ressam\" data-order=\"Sistem tasar\u0131m\u0131 ve Teknik ressam\">Sistem tasar\u0131m\u0131 ve Teknik ressam<\/td>\n<td width=\"64\" data-cell-id=\"C7\" data-x=\"2\" data-y=\"7\" data-cell-type=\"text\" data-original-value=\"Makine M\u00fchendisi 4 y\u0131ll\u0131k tecr\u00fcbe\" data-order=\"Makine M\u00fchendisi 4 y\u0131ll\u0131k tecr\u00fcbe\">Makine M\u00fchendisi 4 y\u0131ll\u0131k tecr\u00fcbe<\/td>\n<\/tr>\n<tr>\n<td width=\"64\" data-cell-id=\"A8\" data-x=\"0\" data-y=\"8\" data-cell-type=\"text\" data-original-value=\"\u00c7A\u011eAKAN UYSAL\" data-order=\"\u00c7A\u011eAKAN UYSAL\">\u00c7A\u011eAKAN UYSAL<\/td>\n<td width=\"64\" data-cell-id=\"B8\" data-x=\"1\" data-y=\"8\" data-cell-type=\"text\" data-original-value=\"Sistem tasar\u0131m ve Teknik \u00e7izim i\u015fleri\" data-order=\"Sistem tasar\u0131m ve Teknik \u00e7izim i\u015fleri\">Sistem tasar\u0131m ve Teknik \u00e7izim i\u015fleri<\/td>\n<td width=\"64\" data-cell-id=\"C8\" data-x=\"2\" data-y=\"8\" data-cell-type=\"text\" data-original-value=\"Yat Tasar\u0131m M\u00fchendisi 2 y\u0131ll\u0131k tecr\u00fcbe\" data-order=\"Yat Tasar\u0131m M\u00fchendisi 2 y\u0131ll\u0131k tecr\u00fcbe\">Yat Tasar\u0131m M\u00fchendisi 2 y\u0131ll\u0131k tecr\u00fcbe<\/td>\n<\/tr>\n<tr>\n<td width=\"64\" data-cell-id=\"A9\" data-x=\"0\" data-y=\"9\" data-cell-type=\"text\" data-original-value=\"AYLA \u00c7AKIR\" data-order=\"AYLA \u00c7AKIR\">AYLA \u00c7AKIR<\/td>\n<td width=\"64\" data-cell-id=\"B9\" data-x=\"1\" data-y=\"9\" data-cell-type=\"text\" data-original-value=\"Y\u00f6netici asistan\u0131\" data-order=\"Y\u00f6netici asistan\u0131\">Y\u00f6netici asistan\u0131<\/td>\n<td width=\"64\" data-cell-id=\"C9\" data-x=\"2\" data-y=\"9\" data-cell-type=\"text\" data-original-value=\"Lojistik ve \u0130leti\u015fim\" data-order=\"Lojistik ve \u0130leti\u015fim\">Lojistik ve \u0130leti\u015fim<\/td>\n<\/tr>\n<\/tbody>\n<\/table>\n<p style=\"text-align: justify;\">\n<p style=\"text-align: justify;\">Sistem tasar\u0131m\u0131m\u0131z patent s\u00fcrecinde olup, lisanslanabilme kabiliyetindedir. Aqua Vizyon Enerji ltd. olarak finansal ve teknik dayan\u0131\u015fma i\u00e7inde olaca\u011f\u0131m\u0131z, \u00e7evrim sistemimize ait sertifika \u00e7al\u0131\u015fmalar\u0131n\u0131 beraber y\u00fcr\u00fct\u00fcp ortak ticari faaliyetlerde bulunabilece\u011fimiz firmalar ile beraber \u00e7al\u0131\u015fmak isteriz.<\/p>\n","protected":false},"excerpt":{"rendered":"<p>Aqua Vizyon Enerji \u015firketi olarak yenilik\u00e7i yakla\u015f\u0131m ve alternatif \u00e7\u00f6z\u00fcm \u00f6nerimiz ile Deniz ve Okyanus dalga enerjisinin r\u00fczgar ve g\u00fcne\u015f enerjisi gibi olduk\u00e7a \u00e7ok uygulamas\u0131n\u0131, cazip \u00e7evrim sistem \u00f6nerimiz ile ilk \u00fc\u00e7 yenilenebilir enerji kayna\u011f\u0131ndan biri olmas\u0131n\u0131 katk\u0131 sa\u011flamak istiyoruz. 25 y\u0131l\u0131 a\u015fk\u0131n s\u00fcredir Okyanus a\u015f\u0131r\u0131 ta\u015f\u0131mac\u0131l\u0131k yapan gemilerde ve b\u00fcy\u00fck fabrikalarda Ba\u015f M\u00fchendis ve [&hellip;]<\/p>\n","protected":false},"author":1,"featured_media":0,"parent":0,"menu_order":0,"comment_status":"closed","ping_status":"closed","template":"","meta":[],"_links":{"self":[{"href":"https:\/\/aquavisionenergy.ozerprojects.com\/tr\/wp-json\/wp\/v2\/pages\/52"}],"collection":[{"href":"https:\/\/aquavisionenergy.ozerprojects.com\/tr\/wp-json\/wp\/v2\/pages"}],"about":[{"href":"https:\/\/aquavisionenergy.ozerprojects.com\/tr\/wp-json\/wp\/v2\/types\/page"}],"author":[{"embeddable":true,"href":"https:\/\/aquavisionenergy.ozerprojects.com\/tr\/wp-json\/wp\/v2\/users\/1"}],"replies":[{"embeddable":true,"href":"https:\/\/aquavisionenergy.ozerprojects.com\/tr\/wp-json\/wp\/v2\/comments?post=52"}],"version-history":[{"count":13,"href":"https:\/\/aquavisionenergy.ozerprojects.com\/tr\/wp-json\/wp\/v2\/pages\/52\/revisions"}],"predecessor-version":[{"id":493,"href":"https:\/\/aquavisionenergy.ozerprojects.com\/tr\/wp-json\/wp\/v2\/pages\/52\/revisions\/493"}],"wp:attachment":[{"href":"https:\/\/aquavisionenergy.ozerprojects.com\/tr\/wp-json\/wp\/v2\/media?parent=52"}],"curies":[{"name":"wp","href":"https:\/\/api.w.org\/{rel}","templated":true}]}}