{"id":47,"date":"2018-11-30T23:12:02","date_gmt":"2018-11-30T20:12:02","guid":{"rendered":"http:\/\/www.aquavisionenergy.com\/?page_id=47"},"modified":"2019-06-24T23:55:50","modified_gmt":"2019-06-24T20:55:50","slug":"47-2","status":"publish","type":"page","link":"https:\/\/aquavisionenergy.ozerprojects.com\/tr\/","title":{"rendered":""},"content":{"rendered":"<div style=\"width: 1140px;\" class=\"wp-video\"><!--[if lt IE 9]><script>document.createElement('video');<\/script><![endif]-->\n<video class=\"wp-video-shortcode\" id=\"video-47-1\" width=\"1140\" height=\"363\" loop=\"1\" autoplay=\"1\" preload=\"metadata\" controls=\"controls\"><source type=\"video\/mp4\" src=\"http:\/\/www.aquavisionenergy.com\/wp-content\/uploads\/2019\/06\/dalgatr.mp4?_=1\" \/><a href=\"http:\/\/www.aquavisionenergy.com\/wp-content\/uploads\/2019\/06\/dalgatr.mp4\">http:\/\/www.aquavisionenergy.com\/wp-content\/uploads\/2019\/06\/dalgatr.mp4<\/a><\/video><\/div>\n<p><img loading=\"lazy\" class=\"aligncenter wp-image-612\" src=\"http:\/\/www.aquavisionenergy.com\/wp-content\/uploads\/2019\/06\/title-tr-1024x143.png\" alt=\"\" width=\"596\" height=\"83\" srcset=\"https:\/\/aquavisionenergy.ozerprojects.com\/wp-content\/uploads\/2019\/06\/title-tr-1024x143.png 1024w, https:\/\/aquavisionenergy.ozerprojects.com\/wp-content\/uploads\/2019\/06\/title-tr-300x42.png 300w, https:\/\/aquavisionenergy.ozerprojects.com\/wp-content\/uploads\/2019\/06\/title-tr-768x107.png 768w, https:\/\/aquavisionenergy.ozerprojects.com\/wp-content\/uploads\/2019\/06\/title-tr-640x89.png 640w, https:\/\/aquavisionenergy.ozerprojects.com\/wp-content\/uploads\/2019\/06\/title-tr-400x56.png 400w, https:\/\/aquavisionenergy.ozerprojects.com\/wp-content\/uploads\/2019\/06\/title-tr-367x51.png 367w, https:\/\/aquavisionenergy.ozerprojects.com\/wp-content\/uploads\/2019\/06\/title-tr.png 1049w\" sizes=\"(max-width: 596px) 100vw, 596px\" \/><\/p>\n<h2>DALGA ENERJ\u0130 POTANS\u0130YEL\u0130 VE KULLANIMI<\/h2>\n<p><img loading=\"lazy\" class=\"aligncenter size-full wp-image-295\" src=\"http:\/\/www.aquavisionenergy.com\/wp-content\/uploads\/2019\/05\/A1.png\" alt=\"\" width=\"1033\" height=\"388\" srcset=\"https:\/\/aquavisionenergy.ozerprojects.com\/wp-content\/uploads\/2019\/05\/A1.png 1033w, https:\/\/aquavisionenergy.ozerprojects.com\/wp-content\/uploads\/2019\/05\/A1-300x113.png 300w, https:\/\/aquavisionenergy.ozerprojects.com\/wp-content\/uploads\/2019\/05\/A1-768x288.png 768w, https:\/\/aquavisionenergy.ozerprojects.com\/wp-content\/uploads\/2019\/05\/A1-1024x385.png 1024w, https:\/\/aquavisionenergy.ozerprojects.com\/wp-content\/uploads\/2019\/05\/A1-640x240.png 640w, https:\/\/aquavisionenergy.ozerprojects.com\/wp-content\/uploads\/2019\/05\/A1-400x150.png 400w, https:\/\/aquavisionenergy.ozerprojects.com\/wp-content\/uploads\/2019\/05\/A1-367x138.png 367w\" sizes=\"(max-width: 1033px) 100vw, 1033px\" \/><\/p>\n<p>\uf076 R\u00fczgar ve G\u00fcne\u015f enerjisi y\u0131ll\u0131k kullan\u0131m oran\u0131 % 30-35 iken y\u0131lda ortalama 120-130 g\u00fcn yararlan\u0131labilir<br \/>\n\uf076 Dalga enerjisinin y\u0131ll\u0131k kullan\u0131m oran\u0131 % 80-90 olup y\u0131lda ortalama 300-320 g\u00fcn yararlan\u0131labilir.<\/p>\n<h3><strong>SORUMLULU\u011eUMUZ<\/strong><\/h3>\n<p>&nbsp;<\/p>\n<table border=\"0\" width=\"100%\">\n<tbody>\n<tr>\n<td width=\"35%\"><img loading=\"lazy\" class=\"aligncenter size-full wp-image-299\" src=\"http:\/\/www.aquavisionenergy.com\/wp-content\/uploads\/2019\/05\/A2.jpg\" alt=\"\" width=\"277\" height=\"285\" srcset=\"https:\/\/aquavisionenergy.ozerprojects.com\/wp-content\/uploads\/2019\/05\/A2.jpg 277w, https:\/\/aquavisionenergy.ozerprojects.com\/wp-content\/uploads\/2019\/05\/A2-50x50.jpg 50w\" sizes=\"(max-width: 277px) 100vw, 277px\" \/><\/td>\n<td width=\"65%\">\n<p style=\"text-align: justify;\" align=\"center\">D\u00fcnya sa\u011fl\u0131k \u00f6rg\u00fct\u00fc \u00a0verilerine g\u00f6re hava kirlili\u011fi her y\u0131l 7 milyon premat\u00fcre \u00f6l\u00fcme sebep olmakta ve\u00a0\u00a0 9 \/10\u00a0 ki\u015fi k\u00f6t\u00fc hava solumaktad\u0131r.<\/p>\n<p>&nbsp;<\/p>\n<p style=\"text-align: justify;\">D\u00fcnya enerji ihtiyac\u0131 i\u00e7in kullan\u0131lan fosil kaynakl\u0131 yak\u0131tlar karbon sal\u0131n\u0131m\u0131na ve k\u00fcresel \u0131s\u0131nmaya neden olmaktad\u0131rlar. K\u00fcresel \u0131s\u0131nma da t\u00fcm g\u00fcnl\u00fck ya\u015fam parametrelerimizi olumsuz y\u00f6nde etkilemekte, ya\u015famakta oldu\u011fumuz do\u011fal dengeyi bozmaktad\u0131r.<\/p>\n<\/td>\n<\/tr>\n<tr>\n<td><img loading=\"lazy\" class=\"aligncenter size-full wp-image-301\" src=\"http:\/\/www.aquavisionenergy.com\/wp-content\/uploads\/2019\/05\/A3.jpg\" alt=\"\" width=\"277\" height=\"284\" srcset=\"https:\/\/aquavisionenergy.ozerprojects.com\/wp-content\/uploads\/2019\/05\/A3.jpg 277w, https:\/\/aquavisionenergy.ozerprojects.com\/wp-content\/uploads\/2019\/05\/A3-50x50.jpg 50w\" sizes=\"(max-width: 277px) 100vw, 277px\" \/><\/td>\n<td>\n<p style=\"text-align: justify;\" align=\"center\">N\u00fckleer enerji santralleri b\u00fcy\u00fck riskler ta\u015f\u0131makta ve insanlar\u0131 tedirgin etmektedir.<\/p>\n<p>&nbsp;<\/p>\n<p style=\"text-align: justify;\" align=\"center\">Deniz ve Okyanus enerji potansiyeli t\u00fcm enerji ihtiyac\u0131m\u0131z\u0131 kar\u015f\u0131layabilecek seviyededir ve ya\u015fad\u0131\u011f\u0131m\u0131z d\u00fcnyaya olumsuz hi\u00e7bir etkisi bulunmamaktad\u0131r. Art\u0131k bu enerjiyi de r\u00fczgar ve g\u00fcne\u015f enerjisi gibi daha fazla kullanmal\u0131y\u0131z<\/p>\n<p><strong>\u00a0<\/strong><\/td>\n<\/tr>\n<tr>\n<td style=\"text-align: center;\">\n<h4>\u00c7EVRESEL UYUM<\/h4>\n<\/td>\n<td>\n<p style=\"text-align: justify;\" align=\"center\">Enerji hal\u0131s\u0131 dalga enerji \u00e7evrim sistemi \u00e7evre ve deniz ya\u015fam\u0131 \u00fczerinde minimum etkiye sahiptir.<\/p>\n<p>&nbsp;<\/p>\n<p style=\"text-align: justify;\" align=\"center\">Cihaz\u0131n ya\u015fam d\u00f6ng\u00fc de\u011ferlendirmesi devam etmektedir. \u00c7evrim sistemimizin emisyon etkisi yoktur. Sistemimizde deniz \u00fczerinde yap\u0131sal donan\u0131m olmamas\u0131 estetik bir g\u00f6r\u00fcn\u00fcm sa\u011flamaktad\u0131r.<\/p>\n<p>&nbsp;<\/p>\n<p>&nbsp;<\/td>\n<\/tr>\n<tr>\n<td style=\"text-align: center;\">\n<h4>\u00c7EVRE ETK\u0130S\u0130<\/h4>\n<\/td>\n<td>\n<p style=\"text-align: justify;\" align=\"center\">Enerji hal\u0131s\u0131 \u00e7evrim sistemi \u00e7evre dostu olmayan enerji kaynaklar\u0131n\u0131n yerine almal\u0131d\u0131r. Enerji hal\u0131s\u0131 sistemi \u00e7evre ve do\u011fa ile uyumlu olup n\u00fckleer enerji santralleri gibi risk ta\u015f\u0131maz.<\/p>\n<p>&nbsp;<\/p>\n<p style=\"text-align: justify;\">Enerji hal\u0131s\u0131 \u00e7al\u0131\u015fma d\u00f6ng\u00fcs\u00fcnde emisyon \u00fcretmez, dalga g\u00fcc\u00fcn\u00fcn etkisi ile \u00e7evre dostu olarak \u00fcretti\u011fi ortalama 13 KWH enerji i\u00e7in \u00e7evreye 1 a\u011fac\u0131n bir g\u00fcnl\u00fck katk\u0131s\u0131na e\u015f de\u011fer katk\u0131 sa\u011flar.<\/p>\n<p style=\"text-align: justify;\"><em><span style=\"font-size: 14px;\">( 1 kwh enerji \u00fcretiminde ortalama 0,46 kg CO2 sal\u0131m\u0131 olmaktad\u0131r ve bir a\u011fa\u00e7 g\u00fcnde ortalama 6 kg CO2 emilimi sa\u011flamaktad\u0131r )<\/span><\/em><\/p>\n<p>&nbsp;<\/p>\n<p style=\"text-align: justify;\">Enerji hal\u0131s\u0131 1 KW enerji i\u00e7in g\u00fcne\u015f panellerine g\u00f6re 1\/10 r\u00fczgar t\u00fcrbinlerine g\u00f6re \u00bd daha k\u00fc\u00e7\u00fck bir alana ihtiya\u00e7 duyarlar. Dalga enerji yo\u011funlu\u011fu \u00e7ok daha fazlad\u0131r.<\/p>\n<p>&nbsp;<\/p>\n<p style=\"text-align: justify;\">Enerji hal\u0131s\u0131 d\u00fc\u015f\u00fck alan gereksinimi yan\u0131nda ana mekanizmas\u0131n\u0131n suyun i\u00e7inde olmas\u0131 nedeniyle su \u00fcst\u00fcnde herhangi bir yap\u0131 bulundurmaz, estetik bir yap\u0131 ve g\u00f6r\u00fcn\u00fc\u015fe sahiptir.<\/p>\n<p>&nbsp;<\/p>\n<p style=\"text-align: justify;\">Enerji hal\u0131s\u0131 mod\u00fcler yap\u0131s\u0131 ile \u00e7ok daha geni\u015f bir uygulama alan\u0131 bulmaktad\u0131r. Sistem tasar\u0131m\u0131 yak\u0131n k\u0131y\u0131 ve a\u00e7\u0131k deniz uygulamalar\u0131na imkan vermektedir.<\/p>\n<p>&nbsp;<\/p>\n<p style=\"text-align: justify;\">Enerji hal\u0131s\u0131 tasar\u0131m gere\u011fi bulundu\u011fu konumdaki deniz ya\u015fam\u0131n\u0131 neredeyse hi\u00e7bir olumsuz etki yapmayacak, \u00e7evreci bir \u00f6zelli\u011fe sahiptir.<\/p>\n<\/td>\n<\/tr>\n<\/tbody>\n<\/table>\n","protected":false},"excerpt":{"rendered":"<p>DALGA ENERJ\u0130 POTANS\u0130YEL\u0130 VE KULLANIMI \uf076 R\u00fczgar ve G\u00fcne\u015f enerjisi y\u0131ll\u0131k kullan\u0131m oran\u0131 % 30-35 iken y\u0131lda ortalama 120-130 g\u00fcn yararlan\u0131labilir \uf076 Dalga enerjisinin y\u0131ll\u0131k kullan\u0131m oran\u0131 % 80-90 olup y\u0131lda ortalama 300-320 g\u00fcn yararlan\u0131labilir. SORUMLULU\u011eUMUZ &nbsp; D\u00fcnya sa\u011fl\u0131k \u00f6rg\u00fct\u00fc \u00a0verilerine g\u00f6re hava kirlili\u011fi her y\u0131l 7 milyon premat\u00fcre \u00f6l\u00fcme sebep olmakta ve\u00a0\u00a0 9 \/10\u00a0 [&hellip;]<\/p>\n","protected":false},"author":1,"featured_media":0,"parent":0,"menu_order":0,"comment_status":"closed","ping_status":"open","template":"","meta":[],"_links":{"self":[{"href":"https:\/\/aquavisionenergy.ozerprojects.com\/tr\/wp-json\/wp\/v2\/pages\/47"}],"collection":[{"href":"https:\/\/aquavisionenergy.ozerprojects.com\/tr\/wp-json\/wp\/v2\/pages"}],"about":[{"href":"https:\/\/aquavisionenergy.ozerprojects.com\/tr\/wp-json\/wp\/v2\/types\/page"}],"author":[{"embeddable":true,"href":"https:\/\/aquavisionenergy.ozerprojects.com\/tr\/wp-json\/wp\/v2\/users\/1"}],"replies":[{"embeddable":true,"href":"https:\/\/aquavisionenergy.ozerprojects.com\/tr\/wp-json\/wp\/v2\/comments?post=47"}],"version-history":[{"count":24,"href":"https:\/\/aquavisionenergy.ozerprojects.com\/tr\/wp-json\/wp\/v2\/pages\/47\/revisions"}],"predecessor-version":[{"id":616,"href":"https:\/\/aquavisionenergy.ozerprojects.com\/tr\/wp-json\/wp\/v2\/pages\/47\/revisions\/616"}],"wp:attachment":[{"href":"https:\/\/aquavisionenergy.ozerprojects.com\/tr\/wp-json\/wp\/v2\/media?parent=47"}],"curies":[{"name":"wp","href":"https:\/\/api.w.org\/{rel}","templated":true}]}}