{"id":310,"date":"2019-05-08T21:47:45","date_gmt":"2019-05-08T18:47:45","guid":{"rendered":"http:\/\/www.aquavisionenergy.com\/enerji-halisi\/solution\/"},"modified":"2019-05-20T23:03:23","modified_gmt":"2019-05-20T20:03:23","slug":"cozum","status":"publish","type":"page","link":"https:\/\/aquavisionenergy.ozerprojects.com\/tr\/enerji-halisi\/cozum\/","title":{"rendered":"\u00c7\u00d6Z\u00dcM"},"content":{"rendered":"<h3>Enerji Hal\u0131s\u0131 A\u00e7\u0131k Deniz Uygulama Konsepti<\/h3>\n<p><img loading=\"lazy\" class=\"alignnone size-full wp-image-226\" src=\"http:\/\/www.aquavisionenergy.com\/wp-content\/uploads\/2019\/04\/energy_carpet.jpg\" alt=\"\" width=\"1385\" height=\"700\" srcset=\"https:\/\/aquavisionenergy.ozerprojects.com\/wp-content\/uploads\/2019\/04\/energy_carpet.jpg 1385w, https:\/\/aquavisionenergy.ozerprojects.com\/wp-content\/uploads\/2019\/04\/energy_carpet-300x152.jpg 300w, https:\/\/aquavisionenergy.ozerprojects.com\/wp-content\/uploads\/2019\/04\/energy_carpet-768x388.jpg 768w, https:\/\/aquavisionenergy.ozerprojects.com\/wp-content\/uploads\/2019\/04\/energy_carpet-1024x518.jpg 1024w, https:\/\/aquavisionenergy.ozerprojects.com\/wp-content\/uploads\/2019\/04\/energy_carpet-640x323.jpg 640w, https:\/\/aquavisionenergy.ozerprojects.com\/wp-content\/uploads\/2019\/04\/energy_carpet-400x202.jpg 400w, https:\/\/aquavisionenergy.ozerprojects.com\/wp-content\/uploads\/2019\/04\/energy_carpet-367x185.jpg 367w\" sizes=\"(max-width: 1385px) 100vw, 1385px\" \/><\/p>\n<h3>Tasar\u0131m\u0131n Ortaya Koydu\u011fu \u00c7\u00f6z\u00fcmler:<\/h3>\n<p>1. 1 MW l\u0131k sistem kurulum maliyeti yakla\u015f\u0131k 1 mln $ a indirgenmi\u015ftir<\/p>\n<p>2. Y\u00fcksek \u00e7evrim verimlili\u011fi ile sistem kendini 7-8 y\u0131lda kendini amorti eder hale getirilmi\u015ftir<\/p>\n<p>3. Sistem tasar\u0131m olarak yak\u0131n k\u0131y\u0131 ve a\u00e7\u0131k deniz uygulamalar\u0131na uygun hale getirilmi\u015f, dalgan\u0131n sisteme geli\u015f y\u00f6n\u00fcn\u00fcn \u00f6nemli ortadan kald\u0131r\u0131lm\u0131\u015ft\u0131r<\/p>\n<p>4. Sistemde deniz y\u00fczeyi \u00fczerinde g\u00f6rsel rahats\u0131zl\u0131k yaratacak bir sistem eleman\u0131n\u0131n bulunmamas\u0131, sistemin estetik bir g\u00f6r\u00fcn\u00fcme sahip olmas\u0131 sa\u011flanm\u0131\u015ft\u0131r<\/p>\n<p>5. Sistemin dalgalara kar\u015f\u0131 do\u011frudan bir diren\u00e7 y\u00fczeyi olu\u015fturmayacak yap\u0131s\u0131 \u00f6ng\u00f6r\u00fclemeyen b\u00fcy\u00fck dalgalara kar\u015f\u0131 sistemi korumakta, hasar g\u00f6rmesini \u00f6nlemektedir<\/p>\n<p>6. Sistem mod\u00fcler \u00fcniteler halinde yap\u0131labilmektedir ve<\/p>\n<p>\u2022 Mod\u00fcler yap\u0131 \u00e7ok de\u011fi\u015fken ihtiya\u00e7 noktalar\u0131 i\u00e7in esnek uygulama imkanlar\u0131 sunmakta, geni\u015f \u00e7\u00f6z\u00fcm imkanlar\u0131 olu\u015fturmaktad\u0131r<\/p>\n<p>\u2022 Mod\u00fcler yap\u0131 i\u015fletim esnas\u0131nda olu\u015fabilecek aksakl\u0131klar\u0131n \u00fcnite baz\u0131nda m\u00fcdahalesini imkan vermekte, sistemin d\u00fczenli \u00e7al\u0131\u015fma performans\u0131na katk\u0131 sa\u011flamaktad\u0131r<\/p>\n<p>\u2022 Mod\u00fcler yap\u0131 i\u015fletim, bak\u0131m ve onar\u0131m giderlerini azaltmaktad\u0131r<\/p>\n<p>\u2022 Sistemin mod\u00fcler yap\u0131da olmas\u0131 transfer ve montaj kolayl\u0131\u011f\u0131 sa\u011flamaktad\u0131r ( \u00f6zellikle a\u00e7\u0131k deniz uygulamalar\u0131 i\u00e7in b\u00fcy\u00fck avantajlar sa\u011flamaktad\u0131r )<\/p>\n","protected":false},"excerpt":{"rendered":"<p>Enerji Hal\u0131s\u0131 A\u00e7\u0131k Deniz Uygulama Konsepti Tasar\u0131m\u0131n Ortaya Koydu\u011fu \u00c7\u00f6z\u00fcmler: 1. 1 MW l\u0131k sistem kurulum maliyeti yakla\u015f\u0131k 1 mln $ a indirgenmi\u015ftir 2. Y\u00fcksek \u00e7evrim verimlili\u011fi ile sistem kendini 7-8 y\u0131lda kendini amorti eder hale getirilmi\u015ftir 3. Sistem tasar\u0131m olarak yak\u0131n k\u0131y\u0131 ve a\u00e7\u0131k deniz uygulamalar\u0131na uygun hale getirilmi\u015f, dalgan\u0131n sisteme geli\u015f y\u00f6n\u00fcn\u00fcn \u00f6nemli [&hellip;]<\/p>\n","protected":false},"author":1,"featured_media":0,"parent":55,"menu_order":0,"comment_status":"closed","ping_status":"closed","template":"","meta":[],"_links":{"self":[{"href":"https:\/\/aquavisionenergy.ozerprojects.com\/tr\/wp-json\/wp\/v2\/pages\/310"}],"collection":[{"href":"https:\/\/aquavisionenergy.ozerprojects.com\/tr\/wp-json\/wp\/v2\/pages"}],"about":[{"href":"https:\/\/aquavisionenergy.ozerprojects.com\/tr\/wp-json\/wp\/v2\/types\/page"}],"author":[{"embeddable":true,"href":"https:\/\/aquavisionenergy.ozerprojects.com\/tr\/wp-json\/wp\/v2\/users\/1"}],"replies":[{"embeddable":true,"href":"https:\/\/aquavisionenergy.ozerprojects.com\/tr\/wp-json\/wp\/v2\/comments?post=310"}],"version-history":[{"count":6,"href":"https:\/\/aquavisionenergy.ozerprojects.com\/tr\/wp-json\/wp\/v2\/pages\/310\/revisions"}],"predecessor-version":[{"id":477,"href":"https:\/\/aquavisionenergy.ozerprojects.com\/tr\/wp-json\/wp\/v2\/pages\/310\/revisions\/477"}],"up":[{"embeddable":true,"href":"https:\/\/aquavisionenergy.ozerprojects.com\/tr\/wp-json\/wp\/v2\/pages\/55"}],"wp:attachment":[{"href":"https:\/\/aquavisionenergy.ozerprojects.com\/tr\/wp-json\/wp\/v2\/media?parent=310"}],"curies":[{"name":"wp","href":"https:\/\/api.w.org\/{rel}","templated":true}]}}