{"id":266,"date":"2019-04-29T23:26:41","date_gmt":"2019-04-29T20:26:41","guid":{"rendered":"http:\/\/www.aquavisionenergy.com\/?page_id=266"},"modified":"2019-05-20T23:09:41","modified_gmt":"2019-05-20T20:09:41","slug":"haberler-medya","status":"publish","type":"page","link":"https:\/\/aquavisionenergy.ozerprojects.com\/tr\/hakkimizda\/haberler-medya\/","title":{"rendered":"HABERLER &#038; MEDYA"},"content":{"rendered":"<div id=\"fancygallery-3-3\" class=\"fg-panel\" >\n\t\t\t\t\t\t\t\t<div title=\"news\" data-thumbnail=\"\"><a href=\"https:\/\/aquavisionenergy.ozerprojects.com\/wp-content\/fancygallery\/3\/3\/1-.jpg\" data-thumbnail=\"https:\/\/aquavisionenergy.ozerprojects.com\/wp-content\/plugins\/radykal-fancy-gallery\/admin\/timthumb.php?src=https%3A%2F%2Faquavisionenergy.ozerprojects.com%2Fwp-content%2Ffancygallery%2F3%2F3%2F1-.jpg&w=200&h=150&zc=1&q=100\" title=\"\" data-description=\"\"><\/a><a href=\"https:\/\/aquavisionenergy.ozerprojects.com\/wp-content\/fancygallery\/3\/3\/2-.jpg\" data-thumbnail=\"https:\/\/aquavisionenergy.ozerprojects.com\/wp-content\/plugins\/radykal-fancy-gallery\/admin\/timthumb.php?src=https%3A%2F%2Faquavisionenergy.ozerprojects.com%2Fwp-content%2Ffancygallery%2F3%2F3%2F2-.jpg&w=200&h=150&zc=1&q=100\" title=\"\" data-description=\"\"><\/a><a href=\"https:\/\/aquavisionenergy.ozerprojects.com\/wp-content\/fancygallery\/3\/3\/Ankara-K.Ajans\u0131-Genel-Sekreteri-.jpg\" data-thumbnail=\"https:\/\/aquavisionenergy.ozerprojects.com\/wp-content\/plugins\/radykal-fancy-gallery\/admin\/timthumb.php?src=https%3A%2F%2Faquavisionenergy.ozerprojects.com%2Fwp-content%2Ffancygallery%2F3%2F3%2FAnkara-K.Ajans%C4%B1-Genel-Sekreteri-.jpg&w=200&h=150&zc=1&q=100\" title=\"\" data-description=\"\"><\/a><a href=\"https:\/\/aquavisionenergy.ozerprojects.com\/wp-content\/fancygallery\/3\/3\/Ankara-Valisi-.jpg\" data-thumbnail=\"https:\/\/aquavisionenergy.ozerprojects.com\/wp-content\/plugins\/radykal-fancy-gallery\/admin\/timthumb.php?src=https%3A%2F%2Faquavisionenergy.ozerprojects.com%2Fwp-content%2Ffancygallery%2F3%2F3%2FAnkara-Valisi-.jpg&w=200&h=150&zc=1&q=100\" title=\"\" data-description=\"\"><\/a><a href=\"https:\/\/aquavisionenergy.ozerprojects.com\/wp-content\/fancygallery\/3\/3\/Ankara-Valisi.jpg\" data-thumbnail=\"https:\/\/aquavisionenergy.ozerprojects.com\/wp-content\/plugins\/radykal-fancy-gallery\/admin\/timthumb.php?src=https%3A%2F%2Faquavisionenergy.ozerprojects.com%2Fwp-content%2Ffancygallery%2F3%2F3%2FAnkara-Valisi.jpg&w=200&h=150&zc=1&q=100\" title=\"\" data-description=\"\"><\/a><a href=\"https:\/\/aquavisionenergy.ozerprojects.com\/wp-content\/fancygallery\/3\/3\/Bilken-\u00d6d\u00fcl\u00fc-.jpg\" data-thumbnail=\"https:\/\/aquavisionenergy.ozerprojects.com\/wp-content\/plugins\/radykal-fancy-gallery\/admin\/timthumb.php?src=https%3A%2F%2Faquavisionenergy.ozerprojects.com%2Fwp-content%2Ffancygallery%2F3%2F3%2FBilken-%C3%96d%C3%BCl%C3%BC-.jpg&w=200&h=150&zc=1&q=100\" title=\"\" data-description=\"\"><\/a><a href=\"https:\/\/aquavisionenergy.ozerprojects.com\/wp-content\/fancygallery\/3\/3\/Genel-kar\u015f\u0131dan-.jpg\" data-thumbnail=\"https:\/\/aquavisionenergy.ozerprojects.com\/wp-content\/plugins\/radykal-fancy-gallery\/admin\/timthumb.php?src=https%3A%2F%2Faquavisionenergy.ozerprojects.com%2Fwp-content%2Ffancygallery%2F3%2F3%2FGenel-kar%C5%9F%C4%B1dan-.jpg&w=200&h=150&zc=1&q=100\" title=\"\" data-description=\"\"><\/a><a href=\"https:\/\/aquavisionenergy.ozerprojects.com\/wp-content\/fancygallery\/3\/3\/Genel-\u00d6d\u00fcl-.jpg\" data-thumbnail=\"https:\/\/aquavisionenergy.ozerprojects.com\/wp-content\/plugins\/radykal-fancy-gallery\/admin\/timthumb.php?src=https%3A%2F%2Faquavisionenergy.ozerprojects.com%2Fwp-content%2Ffancygallery%2F3%2F3%2FGenel-%C3%96d%C3%BCl-.jpg&w=200&h=150&zc=1&q=100\" title=\"\" data-description=\"\"><\/a><a href=\"https:\/\/aquavisionenergy.ozerprojects.com\/wp-content\/fancygallery\/3\/3\/Genel-\u00d6D\u00dcL-.jpg\" data-thumbnail=\"https:\/\/aquavisionenergy.ozerprojects.com\/wp-content\/plugins\/radykal-fancy-gallery\/admin\/timthumb.php?src=https%3A%2F%2Faquavisionenergy.ozerprojects.com%2Fwp-content%2Ffancygallery%2F3%2F3%2FGenel-%C3%96D%C3%9CL-.jpg&w=200&h=150&zc=1&q=100\" title=\"\" data-description=\"\"><\/a><a href=\"https:\/\/aquavisionenergy.ozerprojects.com\/wp-content\/fancygallery\/3\/3\/Genel.jpg\" data-thumbnail=\"https:\/\/aquavisionenergy.ozerprojects.com\/wp-content\/plugins\/radykal-fancy-gallery\/admin\/timthumb.php?src=https%3A%2F%2Faquavisionenergy.ozerprojects.com%2Fwp-content%2Ffancygallery%2F3%2F3%2FGenel.jpg&w=200&h=150&zc=1&q=100\" title=\"\" data-description=\"\"><\/a><a href=\"https:\/\/aquavisionenergy.ozerprojects.com\/wp-content\/fancygallery\/3\/3\/Genel-2-.jpg\" data-thumbnail=\"https:\/\/aquavisionenergy.ozerprojects.com\/wp-content\/plugins\/radykal-fancy-gallery\/admin\/timthumb.php?src=https%3A%2F%2Faquavisionenergy.ozerprojects.com%2Fwp-content%2Ffancygallery%2F3%2F3%2FGenel-2-.jpg&w=200&h=150&zc=1&q=100\" title=\"\" data-description=\"\"><\/a><a href=\"https:\/\/aquavisionenergy.ozerprojects.com\/wp-content\/fancygallery\/3\/3\/Genel-3-.jpg\" data-thumbnail=\"https:\/\/aquavisionenergy.ozerprojects.com\/wp-content\/plugins\/radykal-fancy-gallery\/admin\/timthumb.php?src=https%3A%2F%2Faquavisionenergy.ozerprojects.com%2Fwp-content%2Ffancygallery%2F3%2F3%2FGenel-3-.jpg&w=200&h=150&zc=1&q=100\" title=\"\" data-description=\"\"><\/a><a href=\"https:\/\/aquavisionenergy.ozerprojects.com\/wp-content\/fancygallery\/3\/3\/Ment\u00f6r\u00fcm-.jpg\" data-thumbnail=\"https:\/\/aquavisionenergy.ozerprojects.com\/wp-content\/plugins\/radykal-fancy-gallery\/admin\/timthumb.php?src=https%3A%2F%2Faquavisionenergy.ozerprojects.com%2Fwp-content%2Ffancygallery%2F3%2F3%2FMent%C3%B6r%C3%BCm-.jpg&w=200&h=150&zc=1&q=100\" title=\"\" data-description=\"\"><\/a><a href=\"https:\/\/aquavisionenergy.ozerprojects.com\/wp-content\/fancygallery\/3\/3\/Ment\u00f6r\u00fcm-2-.jpg\" data-thumbnail=\"https:\/\/aquavisionenergy.ozerprojects.com\/wp-content\/plugins\/radykal-fancy-gallery\/admin\/timthumb.php?src=https%3A%2F%2Faquavisionenergy.ozerprojects.com%2Fwp-content%2Ffancygallery%2F3%2F3%2FMent%C3%B6r%C3%BCm-2-.jpg&w=200&h=150&zc=1&q=100\" title=\"\" data-description=\"\"><\/a><a href=\"https:\/\/aquavisionenergy.ozerprojects.com\/wp-content\/fancygallery\/3\/3\/Stand-A\u00e7\u0131l\u0131\u015f\u0131-.jpg\" data-thumbnail=\"https:\/\/aquavisionenergy.ozerprojects.com\/wp-content\/plugins\/radykal-fancy-gallery\/admin\/timthumb.php?src=https%3A%2F%2Faquavisionenergy.ozerprojects.com%2Fwp-content%2Ffancygallery%2F3%2F3%2FStand-A%C3%A7%C4%B1l%C4%B1%C5%9F%C4%B1-.jpg&w=200&h=150&zc=1&q=100\" title=\"\" data-description=\"\"><\/a><a href=\"https:\/\/aquavisionenergy.ozerprojects.com\/wp-content\/fancygallery\/3\/3\/STB-Kalk\u0131nma-Ajanslar\u0131-Genel-M\u00fcd\u00fcr-.jpg\" data-thumbnail=\"https:\/\/aquavisionenergy.ozerprojects.com\/wp-content\/plugins\/radykal-fancy-gallery\/admin\/timthumb.php?src=https%3A%2F%2Faquavisionenergy.ozerprojects.com%2Fwp-content%2Ffancygallery%2F3%2F3%2FSTB-Kalk%C4%B1nma-Ajanslar%C4%B1-Genel-M%C3%BCd%C3%BCr-.jpg&w=200&h=150&zc=1&q=100\" title=\"\" data-description=\"\"><\/a><a href=\"https:\/\/aquavisionenergy.ozerprojects.com\/wp-content\/fancygallery\/3\/3\/Sunucu-.jpg\" data-thumbnail=\"https:\/\/aquavisionenergy.ozerprojects.com\/wp-content\/plugins\/radykal-fancy-gallery\/admin\/timthumb.php?src=https%3A%2F%2Faquavisionenergy.ozerprojects.com%2Fwp-content%2Ffancygallery%2F3%2F3%2FSunucu-.jpg&w=200&h=150&zc=1&q=100\" title=\"\" data-description=\"\"><\/a><a href=\"https:\/\/aquavisionenergy.ozerprojects.com\/wp-content\/fancygallery\/3\/3\/Sunucu-2-.jpg\" data-thumbnail=\"https:\/\/aquavisionenergy.ozerprojects.com\/wp-content\/plugins\/radykal-fancy-gallery\/admin\/timthumb.php?src=https%3A%2F%2Faquavisionenergy.ozerprojects.com%2Fwp-content%2Ffancygallery%2F3%2F3%2FSunucu-2-.jpg&w=200&h=150&zc=1&q=100\" title=\"\" data-description=\"\"><\/a><a href=\"https:\/\/aquavisionenergy.ozerprojects.com\/wp-content\/fancygallery\/3\/3\/Sunum-3-.jpg\" data-thumbnail=\"https:\/\/aquavisionenergy.ozerprojects.com\/wp-content\/plugins\/radykal-fancy-gallery\/admin\/timthumb.php?src=https%3A%2F%2Faquavisionenergy.ozerprojects.com%2Fwp-content%2Ffancygallery%2F3%2F3%2FSunum-3-.jpg&w=200&h=150&zc=1&q=100\" title=\"\" data-description=\"\"><\/a><a href=\"https:\/\/aquavisionenergy.ozerprojects.com\/wp-content\/fancygallery\/3\/3\/Sunum-4.jpg\" data-thumbnail=\"https:\/\/aquavisionenergy.ozerprojects.com\/wp-content\/plugins\/radykal-fancy-gallery\/admin\/timthumb.php?src=https%3A%2F%2Faquavisionenergy.ozerprojects.com%2Fwp-content%2Ffancygallery%2F3%2F3%2FSunum-4.jpg&w=200&h=150&zc=1&q=100\" title=\"\" data-description=\"\"><\/a><a href=\"https:\/\/aquavisionenergy.ozerprojects.com\/wp-content\/fancygallery\/3\/3\/Sunum-5-.jpg\" data-thumbnail=\"https:\/\/aquavisionenergy.ozerprojects.com\/wp-content\/plugins\/radykal-fancy-gallery\/admin\/timthumb.php?src=https%3A%2F%2Faquavisionenergy.ozerprojects.com%2Fwp-content%2Ffancygallery%2F3%2F3%2FSunum-5-.jpg&w=200&h=150&zc=1&q=100\" title=\"\" data-description=\"\"><\/a><a href=\"https:\/\/aquavisionenergy.ozerprojects.com\/wp-content\/fancygallery\/3\/3\/Sunum-6-.jpg\" data-thumbnail=\"https:\/\/aquavisionenergy.ozerprojects.com\/wp-content\/plugins\/radykal-fancy-gallery\/admin\/timthumb.php?src=https%3A%2F%2Faquavisionenergy.ozerprojects.com%2Fwp-content%2Ffancygallery%2F3%2F3%2FSunum-6-.jpg&w=200&h=150&zc=1&q=100\" title=\"\" data-description=\"\"><\/a><a href=\"https:\/\/aquavisionenergy.ozerprojects.com\/wp-content\/fancygallery\/3\/3\/Sunum-7-.jpg\" data-thumbnail=\"https:\/\/aquavisionenergy.ozerprojects.com\/wp-content\/plugins\/radykal-fancy-gallery\/admin\/timthumb.php?src=https%3A%2F%2Faquavisionenergy.ozerprojects.com%2Fwp-content%2Ffancygallery%2F3%2F3%2FSunum-7-.jpg&w=200&h=150&zc=1&q=100\" title=\"\" data-description=\"\"><\/a><a href=\"https:\/\/aquavisionenergy.ozerprojects.com\/wp-content\/fancygallery\/3\/3\/Sunum-8-.jpg\" data-thumbnail=\"https:\/\/aquavisionenergy.ozerprojects.com\/wp-content\/plugins\/radykal-fancy-gallery\/admin\/timthumb.php?src=https%3A%2F%2Faquavisionenergy.ozerprojects.com%2Fwp-content%2Ffancygallery%2F3%2F3%2FSunum-8-.jpg&w=200&h=150&zc=1&q=100\" title=\"\" data-description=\"\"><\/a><a href=\"https:\/\/aquavisionenergy.ozerprojects.com\/wp-content\/fancygallery\/3\/3\/Sunum-9-.jpg\" data-thumbnail=\"https:\/\/aquavisionenergy.ozerprojects.com\/wp-content\/plugins\/radykal-fancy-gallery\/admin\/timthumb.php?src=https%3A%2F%2Faquavisionenergy.ozerprojects.com%2Fwp-content%2Ffancygallery%2F3%2F3%2FSunum-9-.jpg&w=200&h=150&zc=1&q=100\" title=\"\" data-description=\"\"><\/a><a href=\"https:\/\/aquavisionenergy.ozerprojects.com\/wp-content\/fancygallery\/3\/3\/Sunum-1-.jpg\" data-thumbnail=\"https:\/\/aquavisionenergy.ozerprojects.com\/wp-content\/plugins\/radykal-fancy-gallery\/admin\/timthumb.php?src=https%3A%2F%2Faquavisionenergy.ozerprojects.com%2Fwp-content%2Ffancygallery%2F3%2F3%2FSunum-1-.jpg&w=200&h=150&zc=1&q=100\" title=\"\" data-description=\"\"><\/a><a href=\"https:\/\/aquavisionenergy.ozerprojects.com\/wp-content\/fancygallery\/3\/3\/Sunum-2-.jpg\" data-thumbnail=\"https:\/\/aquavisionenergy.ozerprojects.com\/wp-content\/plugins\/radykal-fancy-gallery\/admin\/timthumb.php?src=https%3A%2F%2Faquavisionenergy.ozerprojects.com%2Fwp-content%2Ffancygallery%2F3%2F3%2FSunum-2-.jpg&w=200&h=150&zc=1&q=100\" title=\"\" data-description=\"\"><\/a><\/div><\/div>\n\t\t\t<script type='text\/javascript'>jQuery(document).ready(function($){\n  $ = jQuery.noConflict(); \n  jQuery('#fancygallery-3-3').fancygallery({\n\t  backgroundColor: '#F5F5F5',\n\t  borderColor: '#bdc3c7',\n\t  theme: 'white',\n\t  thumbWidth: 200,\n\t  thumbHeight: 150,\n\t  imagesPerPage: 50,\n\t  borderThickness: 3,\n\t  rowOffset: 30,\n\t  scaleMode: 'stretch',\n\t  columnOffset: 20,\n\t  shadowOffset: 0,\n\t  shadowImage: 'http:\/\/www.aquavisionenergy.com\/wp-content\/plugins\/radykal-fancy-gallery\/images\/fancygallery\/shadows\/shadow1.png',\n\t  navPosition: 'bottom',\n\t  selectAlbum: '',\n\t  allMediasSelector: '',\n\t  albumSelection: 'dropdown',\n\t  navigation: 'arrows',\n\t  navAlignment: 'left',\n\t  navPreviousText: '<',\n\t  navNextText: '>',\n\t  navBackText: '&crarr;',\n\t  lightbox: 'prettyphoto',\n\t  prettyphotoOptions: {theme: 'pp_default', allow_resize: 1 , overlay_gallery: 1, autoplay_slideshow: 0 },\n\t  columns: 5,\n\t  showOnlyFirstThumbnail: 0,\n\t  mediaText: 'Media',\n\t  inlineGalleryOptions: {width: '100%', height: '500', youtubeParameters: '&showinfo=1&autoplay=1', vimeoParameters: 'autoplay=1', showFirstMedia: 0},\n\t  thumbnailSelectionOptions : {layout: 'default', width: 250, height: 150, albumsPerPage: '0'},\n\t  albumDescriptionPosition: 'top',\n\t  directionAwareHoverEffect: 0,\n\t  titlePlacement: 'outside',\n\t  titleOptions: {background: '#F5F5F5', color: '#2C3E50', stretchToWidth: 1},\n\t  thumbnailHoverEffect: 'fadeIn',\n\t  thumbnailEffectOptions: {opacity: 0.6},\n\t  titleHoverEffect: 'slide',\n\t  target: '_blank',\n\t  facebookLikeButton: 1,\n\t  tweetButton: 1,\n\t  pinItButton: 1\n  });\n});\n<\/script>\n","protected":false},"excerpt":{"rendered":"jQuery(document).ready(function($){ $ = jQuery.noConflict(); jQuery('#fancygallery-3-3').fancygallery({ backgroundColor: '#F5F5F5', borderColor: '#bdc3c7', theme: 'white', thumbWidth: 200, thumbHeight: 150, imagesPerPage: 50, borderThickness: 3, rowOffset: 30, scaleMode: 'stretch', columnOffset: 20, shadowOffset: 0, shadowImage: 'http:\/\/www.aquavisionenergy.com\/wp-content\/plugins\/radykal-fancy-gallery\/images\/fancygallery\/shadows\/shadow1.png', navPosition: 'bottom', selectAlbum: '', allMediasSelector: '', albumSelection: 'dropdown', navigation: 'arrows', navAlignment: 'left', navPreviousText: '', navBackText: '&crarr;', lightbox: 'prettyphoto', prettyphotoOptions: {theme: 'pp_default', allow_resize: 1 , overlay_gallery: 1, [...]","protected":false},"author":1,"featured_media":0,"parent":52,"menu_order":0,"comment_status":"closed","ping_status":"closed","template":"","meta":[],"_links":{"self":[{"href":"https:\/\/aquavisionenergy.ozerprojects.com\/tr\/wp-json\/wp\/v2\/pages\/266"}],"collection":[{"href":"https:\/\/aquavisionenergy.ozerprojects.com\/tr\/wp-json\/wp\/v2\/pages"}],"about":[{"href":"https:\/\/aquavisionenergy.ozerprojects.com\/tr\/wp-json\/wp\/v2\/types\/page"}],"author":[{"embeddable":true,"href":"https:\/\/aquavisionenergy.ozerprojects.com\/tr\/wp-json\/wp\/v2\/users\/1"}],"replies":[{"embeddable":true,"href":"https:\/\/aquavisionenergy.ozerprojects.com\/tr\/wp-json\/wp\/v2\/comments?post=266"}],"version-history":[{"count":2,"href":"https:\/\/aquavisionenergy.ozerprojects.com\/tr\/wp-json\/wp\/v2\/pages\/266\/revisions"}],"predecessor-version":[{"id":480,"href":"https:\/\/aquavisionenergy.ozerprojects.com\/tr\/wp-json\/wp\/v2\/pages\/266\/revisions\/480"}],"up":[{"embeddable":true,"href":"https:\/\/aquavisionenergy.ozerprojects.com\/tr\/wp-json\/wp\/v2\/pages\/52"}],"wp:attachment":[{"href":"https:\/\/aquavisionenergy.ozerprojects.com\/tr\/wp-json\/wp\/v2\/media?parent=266"}],"curies":[{"name":"wp","href":"https:\/\/api.w.org\/{rel}","templated":true}]}}