{"id":231,"date":"2019-04-29T22:57:30","date_gmt":"2019-04-29T19:57:30","guid":{"rendered":"http:\/\/www.aquavisionenergy.com\/?page_id=231"},"modified":"2019-05-27T00:02:49","modified_gmt":"2019-05-26T21:02:49","slug":"teknolojimiz","status":"publish","type":"page","link":"https:\/\/aquavisionenergy.ozerprojects.com\/tr\/enerji-halisi\/teknolojimiz\/","title":{"rendered":"TEKNOLOJ\u0130M\u0130Z"},"content":{"rendered":"<p style=\"text-align: justify;\"><img loading=\"lazy\" class=\"size-full wp-image-243\" src=\"http:\/\/www.aquavisionenergy.com\/wp-content\/uploads\/2019\/04\/teknoloji1.png\" alt=\"\" width=\"534\" height=\"221\" srcset=\"https:\/\/aquavisionenergy.ozerprojects.com\/wp-content\/uploads\/2019\/04\/teknoloji1.png 534w, https:\/\/aquavisionenergy.ozerprojects.com\/wp-content\/uploads\/2019\/04\/teknoloji1-300x124.png 300w, https:\/\/aquavisionenergy.ozerprojects.com\/wp-content\/uploads\/2019\/04\/teknoloji1-400x166.png 400w, https:\/\/aquavisionenergy.ozerprojects.com\/wp-content\/uploads\/2019\/04\/teknoloji1-367x152.png 367w\" sizes=\"(max-width: 534px) 100vw, 534px\" \/>Dalgan\u0131n sisteme geli\u015f y\u00f6n\u00fc \u00f6nemli olmay\u0131p dalga \u015famand\u0131ralar vas\u0131tas\u0131yla esnek y\u00fczey alt\u0131na y\u00f6nlendirilmektedir<\/p>\n<p style=\"text-align: justify;\"><img loading=\"lazy\" class=\"size-full wp-image-245 aligncenter\" src=\"http:\/\/www.aquavisionenergy.com\/wp-content\/uploads\/2019\/04\/teknoloji2.png\" alt=\"\" width=\"574\" height=\"310\" srcset=\"https:\/\/aquavisionenergy.ozerprojects.com\/wp-content\/uploads\/2019\/04\/teknoloji2.png 574w, https:\/\/aquavisionenergy.ozerprojects.com\/wp-content\/uploads\/2019\/04\/teknoloji2-300x162.png 300w, https:\/\/aquavisionenergy.ozerprojects.com\/wp-content\/uploads\/2019\/04\/teknoloji2-400x216.png 400w, https:\/\/aquavisionenergy.ozerprojects.com\/wp-content\/uploads\/2019\/04\/teknoloji2-367x198.png 367w\" sizes=\"(max-width: 574px) 100vw, 574px\" \/><br \/>\nHer bir \u015famand\u0131raya ba\u011fl\u0131 y\u00f6nlendiriciler dalgan\u0131n geli\u015f y\u00f6n\u00fcne g\u00f6re ve dalgan\u0131n etkisi ile kendi eksenlerinde ( A-B y\u00f6nlerinde ) d\u00f6nebilmektedirler, b\u00f6ylece b\u00fct\u00fcn esnek y\u00fczey boyunca kanal olu\u015fturmakta ve dalgan\u0131n m\u00fcmk\u00fcn oldu\u011funca esnek y\u00fczey alt\u0131nda ilerlemesini sa\u011flamaktad\u0131rlar<\/p>\n<p style=\"text-align: justify;\"><img loading=\"lazy\" class=\"size-full wp-image-247 aligncenter\" src=\"http:\/\/www.aquavisionenergy.com\/wp-content\/uploads\/2019\/04\/teknoloji3.png\" alt=\"\" width=\"592\" height=\"314\" srcset=\"https:\/\/aquavisionenergy.ozerprojects.com\/wp-content\/uploads\/2019\/04\/teknoloji3.png 592w, https:\/\/aquavisionenergy.ozerprojects.com\/wp-content\/uploads\/2019\/04\/teknoloji3-300x159.png 300w, https:\/\/aquavisionenergy.ozerprojects.com\/wp-content\/uploads\/2019\/04\/teknoloji3-400x212.png 400w, https:\/\/aquavisionenergy.ozerprojects.com\/wp-content\/uploads\/2019\/04\/teknoloji3-367x195.png 367w\" sizes=\"(max-width: 592px) 100vw, 592px\" \/><br \/>\nSistemin dalga cephesine g\u00f6re belli bir derinlik i\u00e7erecek \u015fekilde tasarlanmas\u0131 esnek y\u00fczey alt\u0131nda ilerlemesi sa\u011flanan dalgan\u0131n etkisini zamana yayarak daha kontroll\u00fc bir g\u00fc\u00e7 transferine imkan sa\u011flamaktad\u0131r. Esnek y\u00fczey vas\u0131tas\u0131yla kontroll\u00fc bir diren\u00e7 y\u00fczeyi olu\u015fturmaktay\u0131z, esnek y\u00fczey derinli\u011fi boyunca kontroll\u00fc bir g\u00fc\u00e7 aktar\u0131m\u0131 sa\u011flamaktay\u0131z. Bu yakla\u015f\u0131m \u00e7evrim verimlili\u011fine katk\u0131 sa\u011flamaktad\u0131r<\/p>\n<p style=\"text-align: justify;\"><img loading=\"lazy\" class=\" wp-image-249 aligncenter\" src=\"http:\/\/www.aquavisionenergy.com\/wp-content\/uploads\/2019\/04\/teknoloji4.png\" alt=\"\" width=\"496\" height=\"417\" srcset=\"https:\/\/aquavisionenergy.ozerprojects.com\/wp-content\/uploads\/2019\/04\/teknoloji4.png 344w, https:\/\/aquavisionenergy.ozerprojects.com\/wp-content\/uploads\/2019\/04\/teknoloji4-300x252.png 300w\" sizes=\"(max-width: 496px) 100vw, 496px\" \/><\/p>\n<p style=\"text-align: justify;\"><img loading=\"lazy\" class=\" wp-image-251 aligncenter\" src=\"http:\/\/www.aquavisionenergy.com\/wp-content\/uploads\/2019\/04\/teknoloji5.png\" alt=\"\" width=\"486\" height=\"390\" srcset=\"https:\/\/aquavisionenergy.ozerprojects.com\/wp-content\/uploads\/2019\/04\/teknoloji5.png 577w, https:\/\/aquavisionenergy.ozerprojects.com\/wp-content\/uploads\/2019\/04\/teknoloji5-300x241.png 300w, https:\/\/aquavisionenergy.ozerprojects.com\/wp-content\/uploads\/2019\/04\/teknoloji5-400x321.png 400w, https:\/\/aquavisionenergy.ozerprojects.com\/wp-content\/uploads\/2019\/04\/teknoloji5-367x294.png 367w\" sizes=\"(max-width: 486px) 100vw, 486px\" \/><br \/>\nY\u00f6nlendiriciler vas\u0131tas\u0131yla olu\u015fturulmu\u015f kanallar boyunca esnek y\u00fczey alt\u0131nda ilerlemesi sa\u011flanan dalgan\u0131n esnek y\u00fczey \u00fczerinde olu\u015fturdu\u011fu hareketler bir\u00e7ok noktadan yakalanmaya \u00e7al\u0131\u015f\u0131l\u0131r, neredeyse b\u00fct\u00fcn esnek y\u00fczey \u00fczerindeki hareketler multi point \/ surface absorber yakla\u015f\u0131m\u0131 ile do\u011frudan g\u00fc\u00e7 milini aktive edecek \u015fekilde y\u00f6nlendirilir. Burada esnek y\u00fczey dalgalar\u0131 dokunabilece\u011fimiz bir ara y\u00fcz g\u00f6revi g\u00f6rmektedir. Dalga etkisi ile esnek y\u00fczey \u00fczerinde her hangi bir noktadaki hareket bu noktaya yak\u0131n noktalar\u0131 da aktive etmekte olup multi point absorber yakla\u015f\u0131m\u0131 ile bu etkilerde yakalanmaktad\u0131r. Multi point absorber yakla\u015f\u0131m\u0131 \u00e7evrim verimlili\u011fini \u00f6nemli \u00f6l\u00e7\u00fcde art\u0131rmaktad\u0131r.<\/p>\n<p style=\"text-align: justify;\"><img loading=\"lazy\" class=\" wp-image-253 aligncenter\" src=\"http:\/\/www.aquavisionenergy.com\/wp-content\/uploads\/2019\/04\/teknoloji6.png\" alt=\"\" width=\"488\" height=\"219\" srcset=\"https:\/\/aquavisionenergy.ozerprojects.com\/wp-content\/uploads\/2019\/04\/teknoloji6.png 403w, https:\/\/aquavisionenergy.ozerprojects.com\/wp-content\/uploads\/2019\/04\/teknoloji6-300x135.png 300w, https:\/\/aquavisionenergy.ozerprojects.com\/wp-content\/uploads\/2019\/04\/teknoloji6-400x181.png 400w, https:\/\/aquavisionenergy.ozerprojects.com\/wp-content\/uploads\/2019\/04\/teknoloji6-367x165.png 367w\" sizes=\"(max-width: 488px) 100vw, 488px\" \/><br \/>\nEsnek y\u00fczey vas\u0131tas\u0131yla deniz y\u00fczeyindeki hareketleri yakalama ve enerji \u00fcretim d\u00f6ng\u00fcs\u00fcne aktarma hassasiyeti olduk\u00e7a y\u00fcksektir, d\u00fc\u015f\u00fck dalga y\u00fcksekliklerinde de sistem y\u00fcksek verimlilikle \u00e7al\u0131\u015fabilmektedir.<\/p>\n<p style=\"text-align: justify;\"><img loading=\"lazy\" class=\"alignnone size-full wp-image-255\" src=\"http:\/\/www.aquavisionenergy.com\/wp-content\/uploads\/2019\/04\/teknoloji7.png\" alt=\"\" width=\"747\" height=\"140\" srcset=\"https:\/\/aquavisionenergy.ozerprojects.com\/wp-content\/uploads\/2019\/04\/teknoloji7.png 747w, https:\/\/aquavisionenergy.ozerprojects.com\/wp-content\/uploads\/2019\/04\/teknoloji7-300x56.png 300w, https:\/\/aquavisionenergy.ozerprojects.com\/wp-content\/uploads\/2019\/04\/teknoloji7-640x120.png 640w, https:\/\/aquavisionenergy.ozerprojects.com\/wp-content\/uploads\/2019\/04\/teknoloji7-400x75.png 400w, https:\/\/aquavisionenergy.ozerprojects.com\/wp-content\/uploads\/2019\/04\/teknoloji7-367x69.png 367w\" sizes=\"(max-width: 747px) 100vw, 747px\" \/><br \/>\nDeniz y\u00fczeyine konumland\u0131rd\u0131\u011f\u0131m\u0131z esnek y\u00fczeyin dalgaya kar\u015f\u0131 y\u0131k\u0131c\u0131 bir diren\u00e7 y\u00fczeyi olu\u015fturmamas\u0131, \u00f6ng\u00f6r\u00fclemeyen dalga y\u00fcksekliklerinde ( esnek y\u00fczey alt\u0131na y\u00f6nlendirilemeyen durumlarda ) dalgan\u0131n esnek y\u00fczey \u00fczerinden a\u015farak sistemi terk etmesi sa\u011flamakta, sistemin hasar g\u00f6rmesini engellemektedir.<br \/>\n<img loading=\"lazy\" class=\"size-full wp-image-257 aligncenter\" src=\"http:\/\/www.aquavisionenergy.com\/wp-content\/uploads\/2019\/04\/teknoloji8.png\" alt=\"\" width=\"921\" height=\"436\" srcset=\"https:\/\/aquavisionenergy.ozerprojects.com\/wp-content\/uploads\/2019\/04\/teknoloji8.png 921w, https:\/\/aquavisionenergy.ozerprojects.com\/wp-content\/uploads\/2019\/04\/teknoloji8-300x142.png 300w, https:\/\/aquavisionenergy.ozerprojects.com\/wp-content\/uploads\/2019\/04\/teknoloji8-768x364.png 768w, https:\/\/aquavisionenergy.ozerprojects.com\/wp-content\/uploads\/2019\/04\/teknoloji8-640x303.png 640w, https:\/\/aquavisionenergy.ozerprojects.com\/wp-content\/uploads\/2019\/04\/teknoloji8-400x189.png 400w, https:\/\/aquavisionenergy.ozerprojects.com\/wp-content\/uploads\/2019\/04\/teknoloji8-367x174.png 367w\" sizes=\"(max-width: 921px) 100vw, 921px\" \/><br \/>\nEsnek y\u00fczey \u00fczerindeki dalga etkilerini yans\u0131tacak olan tahrik ba\u011flant\u0131lar\u0131 do\u011frudan do\u011fruya g\u00fc\u00e7 milini aktive etmektedirler. Bu do\u011frudan tahrik g\u00fc\u00e7 aktar\u0131m mekanizmalar\u0131ndaki kay\u0131plar\u0131 minimize etmekte, verimlili\u011fi art\u0131rmaktad\u0131r<br \/>\n<img loading=\"lazy\" class=\"size-full wp-image-259 aligncenter\" src=\"http:\/\/www.aquavisionenergy.com\/wp-content\/uploads\/2019\/04\/teknoloji9.jpg\" alt=\"\" width=\"1385\" height=\"700\" srcset=\"https:\/\/aquavisionenergy.ozerprojects.com\/wp-content\/uploads\/2019\/04\/teknoloji9.jpg 1385w, https:\/\/aquavisionenergy.ozerprojects.com\/wp-content\/uploads\/2019\/04\/teknoloji9-300x152.jpg 300w, https:\/\/aquavisionenergy.ozerprojects.com\/wp-content\/uploads\/2019\/04\/teknoloji9-768x388.jpg 768w, https:\/\/aquavisionenergy.ozerprojects.com\/wp-content\/uploads\/2019\/04\/teknoloji9-1024x518.jpg 1024w, https:\/\/aquavisionenergy.ozerprojects.com\/wp-content\/uploads\/2019\/04\/teknoloji9-640x323.jpg 640w, https:\/\/aquavisionenergy.ozerprojects.com\/wp-content\/uploads\/2019\/04\/teknoloji9-400x202.jpg 400w, https:\/\/aquavisionenergy.ozerprojects.com\/wp-content\/uploads\/2019\/04\/teknoloji9-367x185.jpg 367w\" sizes=\"(max-width: 1385px) 100vw, 1385px\" \/><br \/>\n\u00c7evrim sistem tasar\u0131m\u0131 hem yak\u0131n k\u0131y\u0131 hem de a\u00e7\u0131k deniz uygulamalar\u0131na olanak vermektedir,<\/p>\n<p style=\"text-align: justify;\">\u00c7evrim sistemini olu\u015fturan \u00fcnitelerin maliyetleri d\u00fc\u015f\u00fck olup ayr\u0131ca sistem mod\u00fcller halinde imal edilebilmektedir. Mod\u00fcler imalat nakliye ve montaj kolayl\u0131klar\u0131 sa\u011flamakta, sistemin d\u00fczenli \u00e7al\u0131\u015fmas\u0131n\u0131 katk\u0131 sa\u011flamakta ve bak\u0131m-tutum giderlerini azaltmaktad\u0131r.<\/p>\n","protected":false},"excerpt":{"rendered":"<p>Dalgan\u0131n sisteme geli\u015f y\u00f6n\u00fc \u00f6nemli olmay\u0131p dalga \u015famand\u0131ralar vas\u0131tas\u0131yla esnek y\u00fczey alt\u0131na y\u00f6nlendirilmektedir Her bir \u015famand\u0131raya ba\u011fl\u0131 y\u00f6nlendiriciler dalgan\u0131n geli\u015f y\u00f6n\u00fcne g\u00f6re ve dalgan\u0131n etkisi ile kendi eksenlerinde ( A-B y\u00f6nlerinde ) d\u00f6nebilmektedirler, b\u00f6ylece b\u00fct\u00fcn esnek y\u00fczey boyunca kanal olu\u015fturmakta ve dalgan\u0131n m\u00fcmk\u00fcn oldu\u011funca esnek y\u00fczey alt\u0131nda ilerlemesini sa\u011flamaktad\u0131rlar Sistemin dalga cephesine g\u00f6re belli bir [&hellip;]<\/p>\n","protected":false},"author":1,"featured_media":0,"parent":55,"menu_order":0,"comment_status":"closed","ping_status":"closed","template":"","meta":[],"_links":{"self":[{"href":"https:\/\/aquavisionenergy.ozerprojects.com\/tr\/wp-json\/wp\/v2\/pages\/231"}],"collection":[{"href":"https:\/\/aquavisionenergy.ozerprojects.com\/tr\/wp-json\/wp\/v2\/pages"}],"about":[{"href":"https:\/\/aquavisionenergy.ozerprojects.com\/tr\/wp-json\/wp\/v2\/types\/page"}],"author":[{"embeddable":true,"href":"https:\/\/aquavisionenergy.ozerprojects.com\/tr\/wp-json\/wp\/v2\/users\/1"}],"replies":[{"embeddable":true,"href":"https:\/\/aquavisionenergy.ozerprojects.com\/tr\/wp-json\/wp\/v2\/comments?post=231"}],"version-history":[{"count":4,"href":"https:\/\/aquavisionenergy.ozerprojects.com\/tr\/wp-json\/wp\/v2\/pages\/231\/revisions"}],"predecessor-version":[{"id":499,"href":"https:\/\/aquavisionenergy.ozerprojects.com\/tr\/wp-json\/wp\/v2\/pages\/231\/revisions\/499"}],"up":[{"embeddable":true,"href":"https:\/\/aquavisionenergy.ozerprojects.com\/tr\/wp-json\/wp\/v2\/pages\/55"}],"wp:attachment":[{"href":"https:\/\/aquavisionenergy.ozerprojects.com\/tr\/wp-json\/wp\/v2\/media?parent=231"}],"curies":[{"name":"wp","href":"https:\/\/api.w.org\/{rel}","templated":true}]}}