{"id":203,"date":"2019-02-02T00:59:46","date_gmt":"2019-02-01T21:59:46","guid":{"rendered":"http:\/\/www.aquavisionenergy.com\/?page_id=203"},"modified":"2021-11-05T17:14:48","modified_gmt":"2021-11-05T14:14:48","slug":"2018-2019-video-galeri","status":"publish","type":"page","link":"https:\/\/aquavisionenergy.ozerprojects.com\/tr\/gorseller\/2018-2019-yakin-kiyi-uygulamasi\/2018-2019-video-galeri\/","title":{"rendered":"2018-2019 V\u0130DEO GALER\u0130"},"content":{"rendered":"<h3 style=\"text-align: center;\">1. MEKAN\u0130K D\u00d6NG\u00dc<\/h3>\n<p style=\"text-align: center;\"><iframe loading=\"lazy\" src=\"https:\/\/www.youtube.com\/embed\/L2EM1IaxSQE\" width=\"560\" height=\"315\" frameborder=\"0\" allowfullscreen=\"allowfullscreen\"><\/iframe><\/p>\n<h3 style=\"text-align: center;\">2. DALGA BA\u015eLANGICI<\/h3>\n<p style=\"text-align: center;\"><iframe loading=\"lazy\" src=\"https:\/\/www.youtube.com\/embed\/qohIbthjsyo\" width=\"560\" height=\"315\" frameborder=\"0\" allowfullscreen=\"allowfullscreen\"><\/iframe><\/p>\n<h3 style=\"text-align: center;\">3. ARTAN DALGA<\/h3>\n<p style=\"text-align: center;\"><iframe loading=\"lazy\" src=\"https:\/\/www.youtube.com\/embed\/bXA_XRhDmCs\" width=\"560\" height=\"315\" frameborder=\"0\" allowfullscreen=\"allowfullscreen\"><\/iframe><\/p>\n<h3 style=\"text-align: center;\">4. AKORD\u0130YON HAREKET\u0130<\/h3>\n<p style=\"text-align: center;\"><iframe loading=\"lazy\" src=\"https:\/\/www.youtube.com\/embed\/XT7D5qCTlp4\" width=\"560\" height=\"315\" frameborder=\"0\" allowfullscreen=\"allowfullscreen\"><\/iframe><\/p>\n<h3 style=\"text-align: center;\">5. DALGALAR \u0130LE DANS<\/h3>\n<p style=\"text-align: center;\"><iframe loading=\"lazy\" src=\"https:\/\/www.youtube.com\/embed\/x-G8qAOvunA\" width=\"560\" height=\"315\" frameborder=\"0\" allowfullscreen=\"allowfullscreen\"><\/iframe><\/p>\n<h3 style=\"text-align: center;\">6. SU ALTI G\u00d6R\u00dcN\u00dcM<\/h3>\n<p style=\"text-align: center;\"><iframe loading=\"lazy\" src=\"https:\/\/www.youtube.com\/embed\/wWG9FNuhAFU\" width=\"560\" height=\"315\" frameborder=\"0\" allowfullscreen=\"allowfullscreen\"><\/iframe><\/p>\n<p>&nbsp;<\/p>\n","protected":false},"excerpt":{"rendered":"<p>1. MEKAN\u0130K D\u00d6NG\u00dc 2. DALGA BA\u015eLANGICI 3. ARTAN DALGA 4. AKORD\u0130YON HAREKET\u0130 5. DALGALAR \u0130LE DANS 6. SU ALTI G\u00d6R\u00dcN\u00dcM &nbsp;<\/p>\n","protected":false},"author":1,"featured_media":0,"parent":630,"menu_order":0,"comment_status":"closed","ping_status":"closed","template":"","meta":[],"_links":{"self":[{"href":"https:\/\/aquavisionenergy.ozerprojects.com\/tr\/wp-json\/wp\/v2\/pages\/203"}],"collection":[{"href":"https:\/\/aquavisionenergy.ozerprojects.com\/tr\/wp-json\/wp\/v2\/pages"}],"about":[{"href":"https:\/\/aquavisionenergy.ozerprojects.com\/tr\/wp-json\/wp\/v2\/types\/page"}],"author":[{"embeddable":true,"href":"https:\/\/aquavisionenergy.ozerprojects.com\/tr\/wp-json\/wp\/v2\/users\/1"}],"replies":[{"embeddable":true,"href":"https:\/\/aquavisionenergy.ozerprojects.com\/tr\/wp-json\/wp\/v2\/comments?post=203"}],"version-history":[{"count":4,"href":"https:\/\/aquavisionenergy.ozerprojects.com\/tr\/wp-json\/wp\/v2\/pages\/203\/revisions"}],"predecessor-version":[{"id":641,"href":"https:\/\/aquavisionenergy.ozerprojects.com\/tr\/wp-json\/wp\/v2\/pages\/203\/revisions\/641"}],"up":[{"embeddable":true,"href":"https:\/\/aquavisionenergy.ozerprojects.com\/tr\/wp-json\/wp\/v2\/pages\/630"}],"wp:attachment":[{"href":"https:\/\/aquavisionenergy.ozerprojects.com\/tr\/wp-json\/wp\/v2\/media?parent=203"}],"curies":[{"name":"wp","href":"https:\/\/api.w.org\/{rel}","templated":true}]}}