{"id":201,"date":"2019-02-02T00:58:05","date_gmt":"2019-02-01T21:58:05","guid":{"rendered":"http:\/\/www.aquavisionenergy.com\/?page_id=201"},"modified":"2021-11-05T17:13:39","modified_gmt":"2021-11-05T14:13:39","slug":"2018-2019-foto-galeri","status":"publish","type":"page","link":"https:\/\/aquavisionenergy.ozerprojects.com\/tr\/gorseller\/2018-2019-yakin-kiyi-uygulamasi\/2018-2019-foto-galeri\/","title":{"rendered":"2018-2019 FOTO GALER\u0130"},"content":{"rendered":"<p><strong>1- S\u0130STEM DETAYI &#8211; S\u0130STEM MEKAN\u0130G\u0130<\/strong><\/p>\n<div id=\"fancygallery-1\" class=\"fg-panel\" >\n\t\t\t\t\t\t\t\t<div title=\"photo gallery\" data-thumbnail=\"\"><a href=\"https:\/\/aquavisionenergy.ozerprojects.com\/wp-content\/fancygallery\/1\/1\/1.JPG\" data-thumbnail=\"https:\/\/aquavisionenergy.ozerprojects.com\/wp-content\/plugins\/radykal-fancy-gallery\/admin\/timthumb.php?src=https%3A%2F%2Faquavisionenergy.ozerprojects.com%2Fwp-content%2Ffancygallery%2F1%2F1%2F1.JPG&w=200&h=150&zc=1&q=100\" title=\"\" data-description=\"\"><\/a><a href=\"https:\/\/aquavisionenergy.ozerprojects.com\/wp-content\/fancygallery\/1\/1\/2.JPG\" data-thumbnail=\"https:\/\/aquavisionenergy.ozerprojects.com\/wp-content\/plugins\/radykal-fancy-gallery\/admin\/timthumb.php?src=https%3A%2F%2Faquavisionenergy.ozerprojects.com%2Fwp-content%2Ffancygallery%2F1%2F1%2F2.JPG&w=200&h=150&zc=1&q=100\" title=\"\" data-description=\"\"><\/a><a href=\"https:\/\/aquavisionenergy.ozerprojects.com\/wp-content\/fancygallery\/1\/1\/3.JPG\" data-thumbnail=\"https:\/\/aquavisionenergy.ozerprojects.com\/wp-content\/plugins\/radykal-fancy-gallery\/admin\/timthumb.php?src=https%3A%2F%2Faquavisionenergy.ozerprojects.com%2Fwp-content%2Ffancygallery%2F1%2F1%2F3.JPG&w=200&h=150&zc=1&q=100\" title=\"\" data-description=\"\"><\/a><a href=\"https:\/\/aquavisionenergy.ozerprojects.com\/wp-content\/fancygallery\/1\/1\/4.JPG\" data-thumbnail=\"https:\/\/aquavisionenergy.ozerprojects.com\/wp-content\/plugins\/radykal-fancy-gallery\/admin\/timthumb.php?src=https%3A%2F%2Faquavisionenergy.ozerprojects.com%2Fwp-content%2Ffancygallery%2F1%2F1%2F4.JPG&w=200&h=150&zc=1&q=100\" title=\"\" data-description=\"\"><\/a><a href=\"https:\/\/aquavisionenergy.ozerprojects.com\/wp-content\/fancygallery\/1\/1\/5.JPG\" data-thumbnail=\"https:\/\/aquavisionenergy.ozerprojects.com\/wp-content\/plugins\/radykal-fancy-gallery\/admin\/timthumb.php?src=https%3A%2F%2Faquavisionenergy.ozerprojects.com%2Fwp-content%2Ffancygallery%2F1%2F1%2F5.JPG&w=200&h=150&zc=1&q=100\" title=\"\" data-description=\"\"><\/a><a href=\"https:\/\/aquavisionenergy.ozerprojects.com\/wp-content\/fancygallery\/1\/1\/6.JPG\" data-thumbnail=\"https:\/\/aquavisionenergy.ozerprojects.com\/wp-content\/plugins\/radykal-fancy-gallery\/admin\/timthumb.php?src=https%3A%2F%2Faquavisionenergy.ozerprojects.com%2Fwp-content%2Ffancygallery%2F1%2F1%2F6.JPG&w=200&h=150&zc=1&q=100\" title=\"\" data-description=\"\"><\/a><a href=\"https:\/\/aquavisionenergy.ozerprojects.com\/wp-content\/fancygallery\/1\/1\/7.JPG\" data-thumbnail=\"https:\/\/aquavisionenergy.ozerprojects.com\/wp-content\/plugins\/radykal-fancy-gallery\/admin\/timthumb.php?src=https%3A%2F%2Faquavisionenergy.ozerprojects.com%2Fwp-content%2Ffancygallery%2F1%2F1%2F7.JPG&w=200&h=150&zc=1&q=100\" title=\"\" data-description=\"\"><\/a><a href=\"https:\/\/aquavisionenergy.ozerprojects.com\/wp-content\/fancygallery\/1\/1\/8.JPG\" data-thumbnail=\"https:\/\/aquavisionenergy.ozerprojects.com\/wp-content\/plugins\/radykal-fancy-gallery\/admin\/timthumb.php?src=https%3A%2F%2Faquavisionenergy.ozerprojects.com%2Fwp-content%2Ffancygallery%2F1%2F1%2F8.JPG&w=200&h=150&zc=1&q=100\" title=\"\" data-description=\"\"><\/a><a href=\"https:\/\/aquavisionenergy.ozerprojects.com\/wp-content\/fancygallery\/1\/1\/9.JPG\" data-thumbnail=\"https:\/\/aquavisionenergy.ozerprojects.com\/wp-content\/plugins\/radykal-fancy-gallery\/admin\/timthumb.php?src=https%3A%2F%2Faquavisionenergy.ozerprojects.com%2Fwp-content%2Ffancygallery%2F1%2F1%2F9.JPG&w=200&h=150&zc=1&q=100\" title=\"\" data-description=\"\"><\/a><a href=\"https:\/\/aquavisionenergy.ozerprojects.com\/wp-content\/fancygallery\/1\/1\/10.JPG\" data-thumbnail=\"https:\/\/aquavisionenergy.ozerprojects.com\/wp-content\/plugins\/radykal-fancy-gallery\/admin\/timthumb.php?src=https%3A%2F%2Faquavisionenergy.ozerprojects.com%2Fwp-content%2Ffancygallery%2F1%2F1%2F10.JPG&w=200&h=150&zc=1&q=100\" title=\"\" data-description=\"\"><\/a><a href=\"https:\/\/aquavisionenergy.ozerprojects.com\/wp-content\/fancygallery\/1\/1\/11.JPG\" data-thumbnail=\"https:\/\/aquavisionenergy.ozerprojects.com\/wp-content\/plugins\/radykal-fancy-gallery\/admin\/timthumb.php?src=https%3A%2F%2Faquavisionenergy.ozerprojects.com%2Fwp-content%2Ffancygallery%2F1%2F1%2F11.JPG&w=200&h=150&zc=1&q=100\" title=\"\" data-description=\"\"><\/a><a href=\"https:\/\/aquavisionenergy.ozerprojects.com\/wp-content\/fancygallery\/1\/1\/12.JPG\" data-thumbnail=\"https:\/\/aquavisionenergy.ozerprojects.com\/wp-content\/plugins\/radykal-fancy-gallery\/admin\/timthumb.php?src=https%3A%2F%2Faquavisionenergy.ozerprojects.com%2Fwp-content%2Ffancygallery%2F1%2F1%2F12.JPG&w=200&h=150&zc=1&q=100\" title=\"\" data-description=\"\"><\/a><a href=\"https:\/\/aquavisionenergy.ozerprojects.com\/wp-content\/fancygallery\/1\/1\/13.JPG\" data-thumbnail=\"https:\/\/aquavisionenergy.ozerprojects.com\/wp-content\/plugins\/radykal-fancy-gallery\/admin\/timthumb.php?src=https%3A%2F%2Faquavisionenergy.ozerprojects.com%2Fwp-content%2Ffancygallery%2F1%2F1%2F13.JPG&w=200&h=150&zc=1&q=100\" title=\"\" data-description=\"\"><\/a><a href=\"https:\/\/aquavisionenergy.ozerprojects.com\/wp-content\/fancygallery\/1\/1\/14.JPG\" data-thumbnail=\"https:\/\/aquavisionenergy.ozerprojects.com\/wp-content\/plugins\/radykal-fancy-gallery\/admin\/timthumb.php?src=https%3A%2F%2Faquavisionenergy.ozerprojects.com%2Fwp-content%2Ffancygallery%2F1%2F1%2F14.JPG&w=200&h=150&zc=1&q=100\" title=\"\" data-description=\"\"><\/a><a href=\"https:\/\/aquavisionenergy.ozerprojects.com\/wp-content\/fancygallery\/1\/1\/15.JPG\" data-thumbnail=\"https:\/\/aquavisionenergy.ozerprojects.com\/wp-content\/plugins\/radykal-fancy-gallery\/admin\/timthumb.php?src=https%3A%2F%2Faquavisionenergy.ozerprojects.com%2Fwp-content%2Ffancygallery%2F1%2F1%2F15.JPG&w=200&h=150&zc=1&q=100\" title=\"\" data-description=\"\"><\/a><a href=\"https:\/\/aquavisionenergy.ozerprojects.com\/wp-content\/fancygallery\/1\/1\/16.JPG\" data-thumbnail=\"https:\/\/aquavisionenergy.ozerprojects.com\/wp-content\/plugins\/radykal-fancy-gallery\/admin\/timthumb.php?src=https%3A%2F%2Faquavisionenergy.ozerprojects.com%2Fwp-content%2Ffancygallery%2F1%2F1%2F16.JPG&w=200&h=150&zc=1&q=100\" title=\"\" data-description=\"\"><\/a><a href=\"https:\/\/aquavisionenergy.ozerprojects.com\/wp-content\/fancygallery\/1\/1\/17.JPG\" data-thumbnail=\"https:\/\/aquavisionenergy.ozerprojects.com\/wp-content\/plugins\/radykal-fancy-gallery\/admin\/timthumb.php?src=https%3A%2F%2Faquavisionenergy.ozerprojects.com%2Fwp-content%2Ffancygallery%2F1%2F1%2F17.JPG&w=200&h=150&zc=1&q=100\" title=\"\" data-description=\"\"><\/a><a href=\"https:\/\/aquavisionenergy.ozerprojects.com\/wp-content\/fancygallery\/1\/1\/18.JPG\" data-thumbnail=\"https:\/\/aquavisionenergy.ozerprojects.com\/wp-content\/plugins\/radykal-fancy-gallery\/admin\/timthumb.php?src=https%3A%2F%2Faquavisionenergy.ozerprojects.com%2Fwp-content%2Ffancygallery%2F1%2F1%2F18.JPG&w=200&h=150&zc=1&q=100\" title=\"\" data-description=\"\"><\/a><a href=\"https:\/\/aquavisionenergy.ozerprojects.com\/wp-content\/fancygallery\/1\/1\/19.JPG\" data-thumbnail=\"https:\/\/aquavisionenergy.ozerprojects.com\/wp-content\/plugins\/radykal-fancy-gallery\/admin\/timthumb.php?src=https%3A%2F%2Faquavisionenergy.ozerprojects.com%2Fwp-content%2Ffancygallery%2F1%2F1%2F19.JPG&w=200&h=150&zc=1&q=100\" title=\"\" data-description=\"\"><\/a><a href=\"https:\/\/aquavisionenergy.ozerprojects.com\/wp-content\/fancygallery\/1\/1\/20.JPG\" data-thumbnail=\"https:\/\/aquavisionenergy.ozerprojects.com\/wp-content\/plugins\/radykal-fancy-gallery\/admin\/timthumb.php?src=https%3A%2F%2Faquavisionenergy.ozerprojects.com%2Fwp-content%2Ffancygallery%2F1%2F1%2F20.JPG&w=200&h=150&zc=1&q=100\" title=\"\" data-description=\"\"><\/a><a href=\"https:\/\/aquavisionenergy.ozerprojects.com\/wp-content\/fancygallery\/1\/1\/21.JPG\" data-thumbnail=\"https:\/\/aquavisionenergy.ozerprojects.com\/wp-content\/plugins\/radykal-fancy-gallery\/admin\/timthumb.php?src=https%3A%2F%2Faquavisionenergy.ozerprojects.com%2Fwp-content%2Ffancygallery%2F1%2F1%2F21.JPG&w=200&h=150&zc=1&q=100\" title=\"\" data-description=\"\"><\/a><a href=\"https:\/\/aquavisionenergy.ozerprojects.com\/wp-content\/fancygallery\/1\/1\/22.JPG\" data-thumbnail=\"https:\/\/aquavisionenergy.ozerprojects.com\/wp-content\/plugins\/radykal-fancy-gallery\/admin\/timthumb.php?src=https%3A%2F%2Faquavisionenergy.ozerprojects.com%2Fwp-content%2Ffancygallery%2F1%2F1%2F22.JPG&w=200&h=150&zc=1&q=100\" title=\"\" data-description=\"\"><\/a><a href=\"https:\/\/aquavisionenergy.ozerprojects.com\/wp-content\/fancygallery\/1\/1\/23.JPG\" data-thumbnail=\"https:\/\/aquavisionenergy.ozerprojects.com\/wp-content\/plugins\/radykal-fancy-gallery\/admin\/timthumb.php?src=https%3A%2F%2Faquavisionenergy.ozerprojects.com%2Fwp-content%2Ffancygallery%2F1%2F1%2F23.JPG&w=200&h=150&zc=1&q=100\" title=\"\" data-description=\"\"><\/a><a href=\"https:\/\/aquavisionenergy.ozerprojects.com\/wp-content\/fancygallery\/1\/1\/24.JPG\" data-thumbnail=\"https:\/\/aquavisionenergy.ozerprojects.com\/wp-content\/plugins\/radykal-fancy-gallery\/admin\/timthumb.php?src=https%3A%2F%2Faquavisionenergy.ozerprojects.com%2Fwp-content%2Ffancygallery%2F1%2F1%2F24.JPG&w=200&h=150&zc=1&q=100\" title=\"\" data-description=\"\"><\/a><a href=\"https:\/\/aquavisionenergy.ozerprojects.com\/wp-content\/fancygallery\/1\/1\/25.JPG\" data-thumbnail=\"https:\/\/aquavisionenergy.ozerprojects.com\/wp-content\/plugins\/radykal-fancy-gallery\/admin\/timthumb.php?src=https%3A%2F%2Faquavisionenergy.ozerprojects.com%2Fwp-content%2Ffancygallery%2F1%2F1%2F25.JPG&w=200&h=150&zc=1&q=100\" title=\"\" data-description=\"\"><\/a><a href=\"https:\/\/aquavisionenergy.ozerprojects.com\/wp-content\/fancygallery\/1\/1\/26.JPG\" data-thumbnail=\"https:\/\/aquavisionenergy.ozerprojects.com\/wp-content\/plugins\/radykal-fancy-gallery\/admin\/timthumb.php?src=https%3A%2F%2Faquavisionenergy.ozerprojects.com%2Fwp-content%2Ffancygallery%2F1%2F1%2F26.JPG&w=200&h=150&zc=1&q=100\" title=\"\" data-description=\"\"><\/a><a href=\"https:\/\/aquavisionenergy.ozerprojects.com\/wp-content\/fancygallery\/1\/1\/27.JPG\" data-thumbnail=\"https:\/\/aquavisionenergy.ozerprojects.com\/wp-content\/plugins\/radykal-fancy-gallery\/admin\/timthumb.php?src=https%3A%2F%2Faquavisionenergy.ozerprojects.com%2Fwp-content%2Ffancygallery%2F1%2F1%2F27.JPG&w=200&h=150&zc=1&q=100\" title=\"\" data-description=\"\"><\/a><a href=\"https:\/\/aquavisionenergy.ozerprojects.com\/wp-content\/fancygallery\/1\/1\/28.JPG\" data-thumbnail=\"https:\/\/aquavisionenergy.ozerprojects.com\/wp-content\/plugins\/radykal-fancy-gallery\/admin\/timthumb.php?src=https%3A%2F%2Faquavisionenergy.ozerprojects.com%2Fwp-content%2Ffancygallery%2F1%2F1%2F28.JPG&w=200&h=150&zc=1&q=100\" title=\"\" data-description=\"\"><\/a><a href=\"https:\/\/aquavisionenergy.ozerprojects.com\/wp-content\/fancygallery\/1\/1\/29.JPG\" data-thumbnail=\"https:\/\/aquavisionenergy.ozerprojects.com\/wp-content\/plugins\/radykal-fancy-gallery\/admin\/timthumb.php?src=https%3A%2F%2Faquavisionenergy.ozerprojects.com%2Fwp-content%2Ffancygallery%2F1%2F1%2F29.JPG&w=200&h=150&zc=1&q=100\" title=\"\" data-description=\"\"><\/a><a href=\"https:\/\/aquavisionenergy.ozerprojects.com\/wp-content\/fancygallery\/1\/1\/30.JPG\" data-thumbnail=\"https:\/\/aquavisionenergy.ozerprojects.com\/wp-content\/plugins\/radykal-fancy-gallery\/admin\/timthumb.php?src=https%3A%2F%2Faquavisionenergy.ozerprojects.com%2Fwp-content%2Ffancygallery%2F1%2F1%2F30.JPG&w=200&h=150&zc=1&q=100\" title=\"\" data-description=\"\"><\/a><a href=\"https:\/\/aquavisionenergy.ozerprojects.com\/wp-content\/fancygallery\/1\/1\/31.JPG\" data-thumbnail=\"https:\/\/aquavisionenergy.ozerprojects.com\/wp-content\/plugins\/radykal-fancy-gallery\/admin\/timthumb.php?src=https%3A%2F%2Faquavisionenergy.ozerprojects.com%2Fwp-content%2Ffancygallery%2F1%2F1%2F31.JPG&w=200&h=150&zc=1&q=100\" title=\"\" data-description=\"\"><\/a><a href=\"https:\/\/aquavisionenergy.ozerprojects.com\/wp-content\/fancygallery\/1\/1\/32.JPG\" data-thumbnail=\"https:\/\/aquavisionenergy.ozerprojects.com\/wp-content\/plugins\/radykal-fancy-gallery\/admin\/timthumb.php?src=https%3A%2F%2Faquavisionenergy.ozerprojects.com%2Fwp-content%2Ffancygallery%2F1%2F1%2F32.JPG&w=200&h=150&zc=1&q=100\" title=\"\" data-description=\"\"><\/a><a href=\"https:\/\/aquavisionenergy.ozerprojects.com\/wp-content\/fancygallery\/1\/1\/33.JPG\" data-thumbnail=\"https:\/\/aquavisionenergy.ozerprojects.com\/wp-content\/plugins\/radykal-fancy-gallery\/admin\/timthumb.php?src=https%3A%2F%2Faquavisionenergy.ozerprojects.com%2Fwp-content%2Ffancygallery%2F1%2F1%2F33.JPG&w=200&h=150&zc=1&q=100\" title=\"\" data-description=\"\"><\/a><a href=\"https:\/\/aquavisionenergy.ozerprojects.com\/wp-content\/fancygallery\/1\/1\/34.JPG\" data-thumbnail=\"https:\/\/aquavisionenergy.ozerprojects.com\/wp-content\/plugins\/radykal-fancy-gallery\/admin\/timthumb.php?src=https%3A%2F%2Faquavisionenergy.ozerprojects.com%2Fwp-content%2Ffancygallery%2F1%2F1%2F34.JPG&w=200&h=150&zc=1&q=100\" title=\"\" data-description=\"\"><\/a><a href=\"https:\/\/aquavisionenergy.ozerprojects.com\/wp-content\/fancygallery\/1\/1\/35.JPG\" data-thumbnail=\"https:\/\/aquavisionenergy.ozerprojects.com\/wp-content\/plugins\/radykal-fancy-gallery\/admin\/timthumb.php?src=https%3A%2F%2Faquavisionenergy.ozerprojects.com%2Fwp-content%2Ffancygallery%2F1%2F1%2F35.JPG&w=200&h=150&zc=1&q=100\" title=\"\" data-description=\"\"><\/a><a href=\"https:\/\/aquavisionenergy.ozerprojects.com\/wp-content\/fancygallery\/1\/1\/36.JPG\" data-thumbnail=\"https:\/\/aquavisionenergy.ozerprojects.com\/wp-content\/plugins\/radykal-fancy-gallery\/admin\/timthumb.php?src=https%3A%2F%2Faquavisionenergy.ozerprojects.com%2Fwp-content%2Ffancygallery%2F1%2F1%2F36.JPG&w=200&h=150&zc=1&q=100\" title=\"\" data-description=\"\"><\/a><a href=\"https:\/\/aquavisionenergy.ozerprojects.com\/wp-content\/fancygallery\/1\/1\/37.JPG\" data-thumbnail=\"https:\/\/aquavisionenergy.ozerprojects.com\/wp-content\/plugins\/radykal-fancy-gallery\/admin\/timthumb.php?src=https%3A%2F%2Faquavisionenergy.ozerprojects.com%2Fwp-content%2Ffancygallery%2F1%2F1%2F37.JPG&w=200&h=150&zc=1&q=100\" title=\"\" data-description=\"\"><\/a><a href=\"https:\/\/aquavisionenergy.ozerprojects.com\/wp-content\/fancygallery\/1\/1\/38.JPG\" data-thumbnail=\"https:\/\/aquavisionenergy.ozerprojects.com\/wp-content\/plugins\/radykal-fancy-gallery\/admin\/timthumb.php?src=https%3A%2F%2Faquavisionenergy.ozerprojects.com%2Fwp-content%2Ffancygallery%2F1%2F1%2F38.JPG&w=200&h=150&zc=1&q=100\" title=\"\" data-description=\"\"><\/a><a href=\"https:\/\/aquavisionenergy.ozerprojects.com\/wp-content\/fancygallery\/1\/1\/39.JPG\" data-thumbnail=\"https:\/\/aquavisionenergy.ozerprojects.com\/wp-content\/plugins\/radykal-fancy-gallery\/admin\/timthumb.php?src=https%3A%2F%2Faquavisionenergy.ozerprojects.com%2Fwp-content%2Ffancygallery%2F1%2F1%2F39.JPG&w=200&h=150&zc=1&q=100\" title=\"\" data-description=\"\"><\/a><a href=\"https:\/\/aquavisionenergy.ozerprojects.com\/wp-content\/fancygallery\/1\/1\/40.JPG\" data-thumbnail=\"https:\/\/aquavisionenergy.ozerprojects.com\/wp-content\/plugins\/radykal-fancy-gallery\/admin\/timthumb.php?src=https%3A%2F%2Faquavisionenergy.ozerprojects.com%2Fwp-content%2Ffancygallery%2F1%2F1%2F40.JPG&w=200&h=150&zc=1&q=100\" title=\"\" data-description=\"\"><\/a><a href=\"https:\/\/aquavisionenergy.ozerprojects.com\/wp-content\/fancygallery\/1\/1\/41.JPG\" data-thumbnail=\"https:\/\/aquavisionenergy.ozerprojects.com\/wp-content\/plugins\/radykal-fancy-gallery\/admin\/timthumb.php?src=https%3A%2F%2Faquavisionenergy.ozerprojects.com%2Fwp-content%2Ffancygallery%2F1%2F1%2F41.JPG&w=200&h=150&zc=1&q=100\" title=\"\" data-description=\"\"><\/a><a href=\"https:\/\/aquavisionenergy.ozerprojects.com\/wp-content\/fancygallery\/1\/1\/42.JPG\" data-thumbnail=\"https:\/\/aquavisionenergy.ozerprojects.com\/wp-content\/plugins\/radykal-fancy-gallery\/admin\/timthumb.php?src=https%3A%2F%2Faquavisionenergy.ozerprojects.com%2Fwp-content%2Ffancygallery%2F1%2F1%2F42.JPG&w=200&h=150&zc=1&q=100\" title=\"\" data-description=\"\"><\/a><a href=\"https:\/\/aquavisionenergy.ozerprojects.com\/wp-content\/fancygallery\/1\/1\/43.JPG\" data-thumbnail=\"https:\/\/aquavisionenergy.ozerprojects.com\/wp-content\/plugins\/radykal-fancy-gallery\/admin\/timthumb.php?src=https%3A%2F%2Faquavisionenergy.ozerprojects.com%2Fwp-content%2Ffancygallery%2F1%2F1%2F43.JPG&w=200&h=150&zc=1&q=100\" title=\"\" data-description=\"\"><\/a><\/div><\/div>\n\t\t\t<script type='text\/javascript'>jQuery(document).ready(function($){\n  $ = jQuery.noConflict(); \n  jQuery('#fancygallery-1').fancygallery({\n\t  backgroundColor: '#F5F5F5',\n\t  borderColor: '#bdc3c7',\n\t  theme: 'white',\n\t  thumbWidth: 200,\n\t  thumbHeight: 150,\n\t  imagesPerPage: 50,\n\t  borderThickness: 3,\n\t  rowOffset: 30,\n\t  scaleMode: 'stretch',\n\t  columnOffset: 20,\n\t  shadowOffset: 0,\n\t  shadowImage: 'http:\/\/www.aquavisionenergy.com\/wp-content\/plugins\/radykal-fancy-gallery\/images\/fancygallery\/shadows\/shadow1.png',\n\t  navPosition: 'bottom',\n\t  selectAlbum: '',\n\t  allMediasSelector: '',\n\t  albumSelection: 'dropdown',\n\t  navigation: 'arrows',\n\t  navAlignment: 'left',\n\t  navPreviousText: '<',\n\t  navNextText: '>',\n\t  navBackText: '&crarr;',\n\t  lightbox: 'prettyphoto',\n\t  prettyphotoOptions: {theme: 'pp_default', allow_resize: 1 , overlay_gallery: 1, autoplay_slideshow: 0 },\n\t  columns: 5,\n\t  showOnlyFirstThumbnail: 0,\n\t  mediaText: 'Media',\n\t  inlineGalleryOptions: {width: '100%', height: '500', youtubeParameters: '&showinfo=1&autoplay=1', vimeoParameters: 'autoplay=1', showFirstMedia: 0},\n\t  thumbnailSelectionOptions : {layout: 'default', width: 250, height: 150, albumsPerPage: '0'},\n\t  albumDescriptionPosition: 'top',\n\t  directionAwareHoverEffect: 0,\n\t  titlePlacement: 'outside',\n\t  titleOptions: {background: '#F5F5F5', color: '#2C3E50', stretchToWidth: 1},\n\t  thumbnailHoverEffect: 'fadeIn',\n\t  thumbnailEffectOptions: {opacity: 0.6},\n\t  titleHoverEffect: 'slide',\n\t  target: '_blank',\n\t  facebookLikeButton: 1,\n\t  tweetButton: 1,\n\t  pinItButton: 1\n  });\n});\n<\/script>\n<p><strong>2- S\u0130STEM\u0130N DEN\u0130ZE \u0130ND\u0130R\u0130L\u0130\u015e\u0130<\/strong><br \/>\n<div id=\"fancygallery-2\" class=\"fg-panel\" >\n\t\t\t\t\t\t\t\t<div title=\"S\u0130STEM\u0130N DEN\u0130ZE \u0130ND\u0130R\u0130L\u0130\u015e\u0130\" data-thumbnail=\"\"><a href=\"https:\/\/aquavisionenergy.ozerprojects.com\/wp-content\/fancygallery\/2\/2\/1.JPG\" data-thumbnail=\"https:\/\/aquavisionenergy.ozerprojects.com\/wp-content\/plugins\/radykal-fancy-gallery\/admin\/timthumb.php?src=https%3A%2F%2Faquavisionenergy.ozerprojects.com%2Fwp-content%2Ffancygallery%2F2%2F2%2F1.JPG&w=200&h=150&zc=1&q=100\" title=\"\" data-description=\"\"><\/a><a href=\"https:\/\/aquavisionenergy.ozerprojects.com\/wp-content\/fancygallery\/2\/2\/2.JPG\" data-thumbnail=\"https:\/\/aquavisionenergy.ozerprojects.com\/wp-content\/plugins\/radykal-fancy-gallery\/admin\/timthumb.php?src=https%3A%2F%2Faquavisionenergy.ozerprojects.com%2Fwp-content%2Ffancygallery%2F2%2F2%2F2.JPG&w=200&h=150&zc=1&q=100\" title=\"\" data-description=\"\"><\/a><a href=\"https:\/\/aquavisionenergy.ozerprojects.com\/wp-content\/fancygallery\/2\/2\/3.JPG\" data-thumbnail=\"https:\/\/aquavisionenergy.ozerprojects.com\/wp-content\/plugins\/radykal-fancy-gallery\/admin\/timthumb.php?src=https%3A%2F%2Faquavisionenergy.ozerprojects.com%2Fwp-content%2Ffancygallery%2F2%2F2%2F3.JPG&w=200&h=150&zc=1&q=100\" title=\"\" data-description=\"\"><\/a><a href=\"https:\/\/aquavisionenergy.ozerprojects.com\/wp-content\/fancygallery\/2\/2\/4.JPG\" data-thumbnail=\"https:\/\/aquavisionenergy.ozerprojects.com\/wp-content\/plugins\/radykal-fancy-gallery\/admin\/timthumb.php?src=https%3A%2F%2Faquavisionenergy.ozerprojects.com%2Fwp-content%2Ffancygallery%2F2%2F2%2F4.JPG&w=200&h=150&zc=1&q=100\" title=\"\" data-description=\"\"><\/a><a href=\"https:\/\/aquavisionenergy.ozerprojects.com\/wp-content\/fancygallery\/2\/2\/5.JPG\" data-thumbnail=\"https:\/\/aquavisionenergy.ozerprojects.com\/wp-content\/plugins\/radykal-fancy-gallery\/admin\/timthumb.php?src=https%3A%2F%2Faquavisionenergy.ozerprojects.com%2Fwp-content%2Ffancygallery%2F2%2F2%2F5.JPG&w=200&h=150&zc=1&q=100\" title=\"\" data-description=\"\"><\/a><a href=\"https:\/\/aquavisionenergy.ozerprojects.com\/wp-content\/fancygallery\/2\/2\/6.JPG\" data-thumbnail=\"https:\/\/aquavisionenergy.ozerprojects.com\/wp-content\/plugins\/radykal-fancy-gallery\/admin\/timthumb.php?src=https%3A%2F%2Faquavisionenergy.ozerprojects.com%2Fwp-content%2Ffancygallery%2F2%2F2%2F6.JPG&w=200&h=150&zc=1&q=100\" title=\"\" data-description=\"\"><\/a><a href=\"https:\/\/aquavisionenergy.ozerprojects.com\/wp-content\/fancygallery\/2\/2\/7.JPG\" data-thumbnail=\"https:\/\/aquavisionenergy.ozerprojects.com\/wp-content\/plugins\/radykal-fancy-gallery\/admin\/timthumb.php?src=https%3A%2F%2Faquavisionenergy.ozerprojects.com%2Fwp-content%2Ffancygallery%2F2%2F2%2F7.JPG&w=200&h=150&zc=1&q=100\" title=\"\" data-description=\"\"><\/a><a href=\"https:\/\/aquavisionenergy.ozerprojects.com\/wp-content\/fancygallery\/2\/2\/8.JPG\" data-thumbnail=\"https:\/\/aquavisionenergy.ozerprojects.com\/wp-content\/plugins\/radykal-fancy-gallery\/admin\/timthumb.php?src=https%3A%2F%2Faquavisionenergy.ozerprojects.com%2Fwp-content%2Ffancygallery%2F2%2F2%2F8.JPG&w=200&h=150&zc=1&q=100\" title=\"\" data-description=\"\"><\/a><a href=\"https:\/\/aquavisionenergy.ozerprojects.com\/wp-content\/fancygallery\/2\/2\/9.JPG\" data-thumbnail=\"https:\/\/aquavisionenergy.ozerprojects.com\/wp-content\/plugins\/radykal-fancy-gallery\/admin\/timthumb.php?src=https%3A%2F%2Faquavisionenergy.ozerprojects.com%2Fwp-content%2Ffancygallery%2F2%2F2%2F9.JPG&w=200&h=150&zc=1&q=100\" title=\"\" data-description=\"\"><\/a><a href=\"https:\/\/aquavisionenergy.ozerprojects.com\/wp-content\/fancygallery\/2\/2\/10.JPG\" data-thumbnail=\"https:\/\/aquavisionenergy.ozerprojects.com\/wp-content\/plugins\/radykal-fancy-gallery\/admin\/timthumb.php?src=https%3A%2F%2Faquavisionenergy.ozerprojects.com%2Fwp-content%2Ffancygallery%2F2%2F2%2F10.JPG&w=200&h=150&zc=1&q=100\" title=\"\" data-description=\"\"><\/a><a href=\"https:\/\/aquavisionenergy.ozerprojects.com\/wp-content\/fancygallery\/2\/2\/11.JPG\" data-thumbnail=\"https:\/\/aquavisionenergy.ozerprojects.com\/wp-content\/plugins\/radykal-fancy-gallery\/admin\/timthumb.php?src=https%3A%2F%2Faquavisionenergy.ozerprojects.com%2Fwp-content%2Ffancygallery%2F2%2F2%2F11.JPG&w=200&h=150&zc=1&q=100\" title=\"\" data-description=\"\"><\/a><a href=\"https:\/\/aquavisionenergy.ozerprojects.com\/wp-content\/fancygallery\/2\/2\/12.JPG\" data-thumbnail=\"https:\/\/aquavisionenergy.ozerprojects.com\/wp-content\/plugins\/radykal-fancy-gallery\/admin\/timthumb.php?src=https%3A%2F%2Faquavisionenergy.ozerprojects.com%2Fwp-content%2Ffancygallery%2F2%2F2%2F12.JPG&w=200&h=150&zc=1&q=100\" title=\"\" data-description=\"\"><\/a><\/div><\/div>\n\t\t\t<script type='text\/javascript'>jQuery(document).ready(function($){\n  $ = jQuery.noConflict(); \n  jQuery('#fancygallery-2').fancygallery({\n\t  backgroundColor: '#F5F5F5',\n\t  borderColor: '#bdc3c7',\n\t  theme: 'white',\n\t  thumbWidth: 200,\n\t  thumbHeight: 150,\n\t  imagesPerPage: 50,\n\t  borderThickness: 3,\n\t  rowOffset: 30,\n\t  scaleMode: 'stretch',\n\t  columnOffset: 20,\n\t  shadowOffset: 0,\n\t  shadowImage: 'http:\/\/www.aquavisionenergy.com\/wp-content\/plugins\/radykal-fancy-gallery\/images\/fancygallery\/shadows\/shadow1.png',\n\t  navPosition: 'bottom',\n\t  selectAlbum: '',\n\t  allMediasSelector: '',\n\t  albumSelection: 'dropdown',\n\t  navigation: 'arrows',\n\t  navAlignment: 'left',\n\t  navPreviousText: '<',\n\t  navNextText: '>',\n\t  navBackText: '&crarr;',\n\t  lightbox: 'prettyphoto',\n\t  prettyphotoOptions: {theme: 'pp_default', allow_resize: 1 , overlay_gallery: 1, autoplay_slideshow: 0 },\n\t  columns: 5,\n\t  showOnlyFirstThumbnail: 0,\n\t  mediaText: 'Media',\n\t  inlineGalleryOptions: {width: '100%', height: '500', youtubeParameters: '&showinfo=1&autoplay=1', vimeoParameters: 'autoplay=1', showFirstMedia: 0},\n\t  thumbnailSelectionOptions : {layout: 'default', width: 250, height: 150, albumsPerPage: '0'},\n\t  albumDescriptionPosition: 'top',\n\t  directionAwareHoverEffect: 0,\n\t  titlePlacement: 'outside',\n\t  titleOptions: {background: '#F5F5F5', color: '#2C3E50', stretchToWidth: 1},\n\t  thumbnailHoverEffect: 'fadeIn',\n\t  thumbnailEffectOptions: {opacity: 0.6},\n\t  titleHoverEffect: 'slide',\n\t  target: '_blank',\n\t  facebookLikeButton: 1,\n\t  tweetButton: 1,\n\t  pinItButton: 1\n  });\n});\n<\/script><\/p>\n","protected":false},"excerpt":{"rendered":"<p>1- S\u0130STEM DETAYI &#8211; S\u0130STEM MEKAN\u0130G\u0130 2- S\u0130STEM\u0130N DEN\u0130ZE \u0130ND\u0130R\u0130L\u0130\u015e\u0130<\/p>\n","protected":false},"author":1,"featured_media":0,"parent":630,"menu_order":0,"comment_status":"closed","ping_status":"closed","template":"","meta":[],"_links":{"self":[{"href":"https:\/\/aquavisionenergy.ozerprojects.com\/tr\/wp-json\/wp\/v2\/pages\/201"}],"collection":[{"href":"https:\/\/aquavisionenergy.ozerprojects.com\/tr\/wp-json\/wp\/v2\/pages"}],"about":[{"href":"https:\/\/aquavisionenergy.ozerprojects.com\/tr\/wp-json\/wp\/v2\/types\/page"}],"author":[{"embeddable":true,"href":"https:\/\/aquavisionenergy.ozerprojects.com\/tr\/wp-json\/wp\/v2\/users\/1"}],"replies":[{"embeddable":true,"href":"https:\/\/aquavisionenergy.ozerprojects.com\/tr\/wp-json\/wp\/v2\/comments?post=201"}],"version-history":[{"count":6,"href":"https:\/\/aquavisionenergy.ozerprojects.com\/tr\/wp-json\/wp\/v2\/pages\/201\/revisions"}],"predecessor-version":[{"id":640,"href":"https:\/\/aquavisionenergy.ozerprojects.com\/tr\/wp-json\/wp\/v2\/pages\/201\/revisions\/640"}],"up":[{"embeddable":true,"href":"https:\/\/aquavisionenergy.ozerprojects.com\/tr\/wp-json\/wp\/v2\/pages\/630"}],"wp:attachment":[{"href":"https:\/\/aquavisionenergy.ozerprojects.com\/tr\/wp-json\/wp\/v2\/media?parent=201"}],"curies":[{"name":"wp","href":"https:\/\/api.w.org\/{rel}","templated":true}]}}